{"id":588,"date":"2019-06-30T15:27:40","date_gmt":"2019-06-30T13:27:40","guid":{"rendered":"http:\/\/savi.com.pl\/?page_id=588"},"modified":"2021-04-13T14:41:18","modified_gmt":"2021-04-13T12:41:18","slug":"rodo-i-polityka-prywatnosci","status":"publish","type":"page","link":"https:\/\/savi.com.pl\/index.php\/rodo-i-polityka-prywatnosci\/","title":{"rendered":"Rodo i Polityka prywatno\u015bci"},"content":{"rendered":"\t\t<div data-elementor-type=\"wp-post\" data-elementor-id=\"588\" class=\"elementor elementor-588\" data-elementor-post-type=\"page\">\n\t\t\t\t\t\t<section class=\"elementor-section elementor-top-section elementor-element elementor-element-ff703e3 elementor-section-boxed elementor-section-height-default elementor-section-height-default\" data-id=\"ff703e3\" data-element_type=\"section\" data-settings=\"{&quot;background_background&quot;:&quot;classic&quot;}\">\n\t\t\t\t\t\t<div class=\"elementor-container elementor-column-gap-default\">\n\t\t\t\t\t<div class=\"elementor-column elementor-col-100 elementor-top-column elementor-element elementor-element-1fa61f3a\" data-id=\"1fa61f3a\" data-element_type=\"column\">\n\t\t\t<div class=\"elementor-widget-wrap elementor-element-populated\">\n\t\t\t\t\t\t<div class=\"elementor-element elementor-element-71d8fcb1 elementor-widget elementor-widget-text-editor\" data-id=\"71d8fcb1\" data-element_type=\"widget\" data-widget_type=\"text-editor.default\">\n\t\t\t\t<div class=\"elementor-widget-container\">\n\t\t\t\t\t\t\t\t\t<p><\/p>\n<p><strong>Informacja o przetwarzaniu danych osobowych<\/strong><\/p>\n<p>Niniejszym informujemy, \u017ce Sp\u00f3\u0142ki SAVI GROUP przetwarzaj\u0105 Pa\u0144stwa dane osobowe.<\/p>\n<ol>\n<li><strong> Administrator danych osobowych<\/strong><\/li>\n<\/ol>\n<p>Firma SAVI Sp. z o.o. z siedzib\u0105 w Obornikach \u015al\u0105skich przy ul. Wo\u0142owskiej 2 jest Administratorem Pa\u0144stwa danych osobowych.<\/p>\n<ol start=\"2\">\n<li><strong> Wsp\u00f3\u0142administratorzy danych osobowych<\/strong><\/li>\n<\/ol>\n<p>Nast\u0119puj\u0105ce organizacje wsp\u00f3lnie s\u0105 administratorami Pa\u0144stwa danych osobowych:<\/p>\n<ul>\n<li>SAVI Inwestycje Sp. z o.o. z siedzib\u0105 w Obornikach \u015al\u0105skich przy ul. Wo\u0142owskiej 2 \u2013 Wsp\u00f3\u0142administrator pierwszy,<\/li>\n<li>SAVI Sp. z o.o. sp\u00f3\u0142ka komandytowa z siedzib\u0105 w Obornikach \u015al\u0105skich przy ul. Wo\u0142owskiej 2 \u2013 Wsp\u00f3\u0142administrator drugi,<\/li>\n<li>SAVI Blue Sp. z o.o. z siedzib\u0105 w Obornikach \u015al\u0105skich przy ul. Wo\u0142owskiej 2 \u2013 Wsp\u00f3\u0142administrator trzeci.<\/li>\n<\/ul>\n<p>Dalej Sp\u00f3\u0142ki SAVI GROUP zwane s\u0105 \u0142\u0105cznie Wsp\u00f3\u0142administratorami.<\/p>\n<ol start=\"3\">\n<li><strong> Wsp\u00f3lne uzgodnienia mi\u0119dzy Wsp\u00f3\u0142administratorami<\/strong><\/li>\n<\/ol>\n<p>W ramach umowy o wsp\u00f3\u0142administrowanie zawartej pomi\u0119dzy Wsp\u00f3\u0142administratorami, uzgodnili\u015bmy zakresy swojej odpowiedzialno\u015bci dotycz\u0105cej wype\u0142niania obowi\u0105zk\u00f3w wynikaj\u0105cych z RODO. W szczeg\u00f3lno\u015bci uzgodnili\u015bmy, \u017ce Administrator danych osobowych:<\/p>\n<ul>\n<li>jest odpowiedzialny za wykonanie wobec Pa\u0144stwa obowi\u0105zku informacyjnego,<\/li>\n<li>jest odpowiedzialny za umo\u017cliwienie Pa\u0144stwu wykonywania Pa\u0144stwa praw.<\/li>\n<\/ul>\n<p>Niezale\u017cnie od tego ustalenia mog\u0105 Pa\u0144stwo wykonywa\u0107 swoje prawa r\u00f3wnie\u017c wobec wsp\u00f3\u0142administrator\u00f3w. W takim przypadku przeka\u017cemy Pa\u0144stwa \u017c\u0105danie Administratorowi, kt\u00f3ry zrealizuje Pa\u0144stwa \u017c\u0105danie.<\/p>\n<ol start=\"4\">\n<li><strong> Punkt kontaktowy<\/strong><\/li>\n<\/ol>\n<p>Ustanowili\u015bmy wsp\u00f3lny punkt kontaktowy, z kt\u00f3rym mog\u0105 Pa\u0144stwo si\u0119 skontaktowa\u0107 w sprawach ochrony swoich danych osobowych. Punktem tym jest adres naszej siedziby wskazany w pkt 1 lub adres e-mail <a href=\"mailto:rodo@savi.com.pl\">rodo@savi.com.pl<\/a>.<\/p>\n<ol start=\"5\">\n<li><strong> Cele i podstawy przetwarzania<\/strong><\/li>\n<\/ol>\n<ul>\n<li>W celu wykonania i na podstawie zawartej przez Pa\u0144stwa z nami umowy (podstawa z art. 6 ust. 1 lit. b RODO),<\/li>\n<li>W celach archiwalnych (dowodowych) dla zabezpieczenia informacji na wypadek prawnej potrzeby wykazania fakt\u00f3w, co jest naszym prawnie uzasadnionym interesem (podstawa z art. 6 ust. 1 lit. f RODO),<\/li>\n<li>W celu ewentualnego ustalenia, dochodzenia lub obrony przed roszczeniami, co jest naszym prawnie uzasadnionym interesem (podstawa z art. 6 ust. 1 lit. f RODO).<\/li>\n<\/ul>\n<div>\u00a0<\/div>\n<ol start=\"6\">\n<li><strong> Kategorie Pa\u0144stwa danych osobowych, kt\u00f3re przetwarzamy<\/strong><\/li>\n<\/ol>\n<p>B\u0119dziemy przetwarza\u0107 nast\u0119puj\u0105ce kategorie Pa\u0144stwa danych osobowych:<\/p>\n<ul>\n<li>Podstawowe dane identyfikacyjne takie jak imi\u0119, nazwisko, numer telefonu, adres, adres e-mail,<\/li>\n<li>Dane identyfikacyjne przyznane przez organy publiczne,<\/li>\n<li>Finansowe dane identyfikuj\u0105ce,<\/li>\n<li>Wizerunek,<\/li>\n<li>Umowy oraz ugody.<\/li>\n<\/ul>\n<div>\u00a0<\/div>\n<ol start=\"7\">\n<li><strong> Odbiorcy danych<\/strong><\/li>\n<\/ol>\n<p>Pa\u0144stwa dane osobowe mo\u017cemy udost\u0119pnia\u0107 nast\u0119puj\u0105cym kategoriom podmiot\u00f3w:<\/p>\n<ul>\n<li>Podwykonawcom, czyli podmiotom, z kt\u00f3rych korzystamy przy ich przetwarzaniu,<\/li>\n<li>Firmom \u015bwiadcz\u0105cym us\u0142ugi teleinformatyczne oraz wsparcia IT,<\/li>\n<li>Firmom \u015bwiadcz\u0105cym us\u0142ugi obs\u0142ugi ksi\u0119gowej,<\/li>\n<li>Firmom \u015bwiadcz\u0105cym obs\u0142ug\u0119 prawn\u0105,<\/li>\n<li>Formom \u015bwiadcz\u0105cym obs\u0142ug\u0119 administracyjn\u0105,<\/li>\n<li>Innym niezale\u017cnym odbiorcom tj. podmiotom SAVI GROUP.<\/li>\n<\/ul>\n<div>\u00a0<\/div>\n<ol start=\"8\">\n<li><strong> Okres przechowywania danych<\/strong><\/li>\n<\/ol>\n<p>Pa\u0144stwa dane osobowe pozyskane w zwi\u0105zku z zawart\u0105 umow\u0105 przetwarzamy do ko\u0144ca okresu przedawnienia potencjalnych roszcze\u0144 z umowy.<\/p>\n<ol start=\"9\">\n<li><strong> Prawa:<\/strong><\/li>\n<\/ol>\n<p>\u00a0Pa\u0144stwu przys\u0142uguj\u0105 nast\u0119puj\u0105ce prawa:<\/p>\n<ul>\n<li>Prawo dost\u0119pu do swoich danych osobowych oraz otrzymania ich kopii,<\/li>\n<li>Prawo do sprostowania (poprawiania) swoich danych osobowych,<\/li>\n<li>Prawo do usuni\u0119cia danych osobowych (Je\u017celi Pa\u0144stwa zdaniem nie ma podstaw do tego, aby\u015bmy przetwarzali Pa\u0144stwa dane osobowe, mog\u0105 Pa\u0144stwo za\u017c\u0105da\u0107 ich usuni\u0119cia.),<\/li>\n<li>Prawo do ograniczenia przetwarzania danych osobowych (Pa\u0144stwo mog\u0105 za\u017c\u0105da\u0107, aby\u015bmy ograniczyli przetwarzanie Pa\u0144stwa danych osobowych wy\u0142\u0105cznie do ich przechowywania lub wykonywania uzgodnionych z Pa\u0144stwem dzia\u0142a\u0144; je\u017celi Pa\u0144stwa zdaniem mamy nieprawid\u0142owe dane osobowy lub przetwarzamy je bezpodstawnie; albo nie \u017cycz\u0105 Pa\u0144stwo, \u017ceby\u015bmy je usun\u0119li, poniewa\u017c s\u0105 Pa\u0144stwu potrzebne do ustalenia, dochodzenia lub obrony roszcze\u0144; lub na czas wniesionego przez Pa\u0144stwa sprzeciwu wzgl\u0119dem przetwarzania danych osobowych),<\/li>\n<li>Prawo do wniesienia sprzeciwu wobec przetwarzania danych:<\/li>\n<li>sprzeciw \u201emarketingowy\u201d \u2013 maj\u0105 Pa\u0144stwo prawo sprzeciwu wobec przetwarzania Pa\u0144stwa danych osobowych w celu prowadzenia marketingu bezpo\u015bredniego; je\u017celi skorzystaj\u0105 Pastwo z tego prawa, zaprzestaniemy przetwarzania danych w tym celu.<\/li>\n<li>sprzeciw z uwagi na szczeg\u00f3ln\u0105 sytuacj\u0119 \u2013 maj\u0105 Pa\u0144stwo tak\u017ce prawo sprzeciwu wobec przetwarzania Pa\u0144stwa danych osobowych na podstawie prawnie uzasadnionego interesu w celach innych ni\u017c marketing bezpo\u015bredni; powinni wtedy Pa\u0144stwo wskaza\u0107 nam szczeg\u00f3ln\u0105 sytuacj\u0119, kt\u00f3ra Pa\u0144stwa zdaniem uzasadnia zaprzestanie przez nas przetwarzania obj\u0119tego sprzeciwem; przestaniemy przetwarza\u0107 Pa\u0144stwa dane osobowe w tych celach chyba, \u017ce wyka\u017cemy, i\u017c podstawy przetwarzania przez nas Pa\u0144stwa danych osobowych s\u0105 nadrz\u0119dne wobec Pa\u0144stwa praw, lub te\u017c, i\u017c Pa\u0144stwa dane osobowe s\u0105 nam niezb\u0119dne do ustalenia, dochodzenia lub obrony roszcze\u0144.<\/li>\n<li>Prawo do przenoszenia danych \u2013maj\u0105 Pa\u0144stwo prawo otrzyma\u0107 od nas w ustrukturyzowanym, powszechnie u\u017cywanym formacie nadaj\u0105cym si\u0119 do odczytu maszynowego (format \u201ecsv\u201d) dane osobowe Pa\u0144stwa dotycz\u0105ce, kt\u00f3re nam Pa\u0144stwo dostarczyli na podstawie umowy lub Pa\u0144stwa zgody. Mog\u0105 Pa\u0144stwo te\u017c zleci\u0107 nam przes\u0142anie tych danych osobowych bezpo\u015brednio innemu podmiotowi.<\/li>\n<li>Prawo do wniesienia skargi do organu nadzorczego. Je\u017celi uwa\u017caj\u0105 Pa\u0144stwo, \u017ce przetwarzamy Pa\u0144stwa dane osobowe niezgodnie z prawem, mog\u0105 Pa\u0144stwo z\u0142o\u017cy\u0107 w tej sprawie skarg\u0119 do Prezesa Urz\u0119du Ochrony Danych Osobowych lub innego w\u0142a\u015bciwego organu nadzorczego.<\/li>\n<li>Prawo do cofni\u0119cia zgody na przetwarzanie danych osobowych. W ka\u017cdej chwili maj\u0105 Pa\u0144stwo prawo cofn\u0105\u0107 zgod\u0119 na przetwarzanie tych danych osobowych, kt\u00f3re przetwarzamy na podstawie Pa\u0144stwa zgody. Cofni\u0119cie zgody nie b\u0119dzie wp\u0142ywa\u0107 na zgodno\u015b\u0107 z prawem przetwarzania, kt\u00f3rego dokonano na podstawie Pa\u0144stwa zgody przed jej wycofaniem.<\/li>\n<\/ul>\n<div>\u00a0<\/div>\n<ol start=\"10\">\n<li><strong> Informacja o wymogu podania danych<\/strong><\/li>\n<\/ol>\n<p>Podanie przez Pa\u0144stwa danych osobowych jest:<\/p>\n<ul>\n<li style=\"list-style-type: none;\">\n<ul>\n<li>wymogiem ustawowym,<\/li>\n<li>warunkiem zawarcia umowy.<\/li>\n<\/ul>\n<\/li>\n<\/ul>\n<p><\/p>\t\t\t\t\t\t\t\t<\/div>\n\t\t\t\t<\/div>\n\t\t\t\t\t<\/div>\n\t\t<\/div>\n\t\t\t\t\t<\/div>\n\t\t<\/section>\n\t\t\t\t<\/div>\n\t\t","protected":false},"excerpt":{"rendered":"<p>Informacja o przetwarzaniu danych osobowych Niniejszym informujemy, \u017ce Sp\u00f3\u0142ki SAVI GROUP przetwarzaj\u0105 Pa\u0144stwa dane osobowe. Administrator danych osobowych Firma SAVI Sp. z o.o. z siedzib\u0105 w Obornikach \u015al\u0105skich przy ul. Wo\u0142owskiej 2 jest Administratorem Pa\u0144stwa danych osobowych. Wsp\u00f3\u0142administratorzy danych osobowych Nast\u0119puj\u0105ce organizacje wsp\u00f3lnie s\u0105 administratorami Pa\u0144stwa danych osobowych: SAVI Inwestycje Sp. z o.o. z siedzib\u0105 [&hellip;]<\/p>\n","protected":false},"author":3,"featured_media":0,"parent":0,"menu_order":0,"comment_status":"closed","ping_status":"closed","template":"","meta":{"footnotes":""},"class_list":["post-588","page","type-page","status-publish","hentry"],"_links":{"self":[{"href":"https:\/\/savi.com.pl\/index.php\/wp-json\/wp\/v2\/pages\/588","targetHints":{"allow":["GET"]}}],"collection":[{"href":"https:\/\/savi.com.pl\/index.php\/wp-json\/wp\/v2\/pages"}],"about":[{"href":"https:\/\/savi.com.pl\/index.php\/wp-json\/wp\/v2\/types\/page"}],"author":[{"embeddable":true,"href":"https:\/\/savi.com.pl\/index.php\/wp-json\/wp\/v2\/users\/3"}],"replies":[{"embeddable":true,"href":"https:\/\/savi.com.pl\/index.php\/wp-json\/wp\/v2\/comments?post=588"}],"version-history":[{"count":21,"href":"https:\/\/savi.com.pl\/index.php\/wp-json\/wp\/v2\/pages\/588\/revisions"}],"predecessor-version":[{"id":2344,"href":"https:\/\/savi.com.pl\/index.php\/wp-json\/wp\/v2\/pages\/588\/revisions\/2344"}],"wp:attachment":[{"href":"https:\/\/savi.com.pl\/index.php\/wp-json\/wp\/v2\/media?parent=588"}],"curies":[{"name":"wp","href":"https:\/\/api.w.org\/{rel}","templated":true}]}}