{"id":278,"date":"2019-06-09T09:35:47","date_gmt":"2019-06-09T07:35:47","guid":{"rendered":"http:\/\/savi.com.pl\/?page_id=278"},"modified":"2024-05-22T10:56:25","modified_gmt":"2024-05-22T08:56:25","slug":"oferta","status":"publish","type":"page","link":"https:\/\/savi.com.pl\/index.php\/oferta\/","title":{"rendered":"Oferta"},"content":{"rendered":"\t\t<div data-elementor-type=\"wp-post\" data-elementor-id=\"278\" class=\"elementor elementor-278\" data-elementor-post-type=\"page\">\n\t\t\t\t\t\t<section class=\"elementor-section elementor-top-section elementor-element elementor-element-d205d28 elementor-section-boxed elementor-section-height-default elementor-section-height-default\" data-id=\"d205d28\" data-element_type=\"section\">\n\t\t\t\t\t\t<div class=\"elementor-container elementor-column-gap-default\">\n\t\t\t\t\t<div class=\"elementor-column elementor-col-100 elementor-top-column elementor-element elementor-element-17663aa\" data-id=\"17663aa\" data-element_type=\"column\">\n\t\t\t<div class=\"elementor-widget-wrap elementor-element-populated\">\n\t\t\t\t\t\t<div class=\"elementor-element elementor-element-f244606 elementor-widget elementor-widget-image\" data-id=\"f244606\" data-element_type=\"widget\" data-widget_type=\"image.default\">\n\t\t\t\t<div class=\"elementor-widget-container\">\n\t\t\t\t\t\t\t\t\t\t\t\t\t\t\t<img decoding=\"async\" src=\"https:\/\/savi.com.pl\/wp-content\/uploads\/elementor\/thumbs\/sav-p5ffp6dv814gnpo48qpyhkfcvu9shiiez1ylx2ugh4.png\" title=\"sav\" alt=\"sav\" loading=\"lazy\" \/>\t\t\t\t\t\t\t\t\t\t\t\t\t\t\t<\/div>\n\t\t\t\t<\/div>\n\t\t\t\t<div class=\"elementor-element elementor-element-243abac elementor-widget elementor-widget-text-editor\" data-id=\"243abac\" data-element_type=\"widget\" data-widget_type=\"text-editor.default\">\n\t\t\t\t<div class=\"elementor-widget-container\">\n\t\t\t\t\t\t\t\t\t<h5>Naszym klientom zapewniamy szeroki zakres us\u0142ug budowlanych.<br \/>Zapraszamy do zapoznania si\u0119 z pe\u0142n\u0105 ofert\u0105 Sp\u00f3\u0142ek <b>SAVI GROUP<\/b>.<\/h5>\t\t\t\t\t\t\t\t<\/div>\n\t\t\t\t<\/div>\n\t\t\t\t\t<\/div>\n\t\t<\/div>\n\t\t\t\t\t<\/div>\n\t\t<\/section>\n\t\t\t\t<section class=\"elementor-section elementor-top-section elementor-element elementor-element-58e2e27 elementor-section-boxed elementor-section-height-default elementor-section-height-default\" data-id=\"58e2e27\" data-element_type=\"section\" data-settings=\"{&quot;background_background&quot;:&quot;classic&quot;,&quot;shape_divider_top&quot;:&quot;pyramids&quot;,&quot;shape_divider_bottom&quot;:&quot;mountains&quot;}\">\n\t\t\t\t\t\t\t<div class=\"elementor-background-overlay\"><\/div>\n\t\t\t\t\t\t<div class=\"elementor-shape elementor-shape-top\" aria-hidden=\"true\" data-negative=\"false\">\n\t\t\t<svg xmlns=\"http:\/\/www.w3.org\/2000\/svg\" viewBox=\"0 0 1000 100\" preserveAspectRatio=\"none\">\n\t<path class=\"elementor-shape-fill\" d=\"M761.9,44.1L643.1,27.2L333.8,98L0,3.8V0l1000,0v3.9\"\/>\n<\/svg>\t\t<\/div>\n\t\t\t\t<div class=\"elementor-shape elementor-shape-bottom\" aria-hidden=\"true\" data-negative=\"false\">\n\t\t\t<svg xmlns=\"http:\/\/www.w3.org\/2000\/svg\" viewBox=\"0 0 1000 100\" preserveAspectRatio=\"none\">\n\t<path class=\"elementor-shape-fill\" opacity=\"0.33\" d=\"M473,67.3c-203.9,88.3-263.1-34-320.3,0C66,119.1,0,59.7,0,59.7V0h1000v59.7 c0,0-62.1,26.1-94.9,29.3c-32.8,3.3-62.8-12.3-75.8-22.1C806,49.6,745.3,8.7,694.9,4.7S492.4,59,473,67.3z\"\/>\n\t<path class=\"elementor-shape-fill\" opacity=\"0.66\" d=\"M734,67.3c-45.5,0-77.2-23.2-129.1-39.1c-28.6-8.7-150.3-10.1-254,39.1 s-91.7-34.4-149.2,0C115.7,118.3,0,39.8,0,39.8V0h1000v36.5c0,0-28.2-18.5-92.1-18.5C810.2,18.1,775.7,67.3,734,67.3z\"\/>\n\t<path class=\"elementor-shape-fill\" d=\"M766.1,28.9c-200-57.5-266,65.5-395.1,19.5C242,1.8,242,5.4,184.8,20.6C128,35.8,132.3,44.9,89.9,52.5C28.6,63.7,0,0,0,0 h1000c0,0-9.9,40.9-83.6,48.1S829.6,47,766.1,28.9z\"\/>\n<\/svg>\t\t<\/div>\n\t\t\t\t\t<div class=\"elementor-container elementor-column-gap-default\">\n\t\t\t\t\t<div class=\"elementor-column elementor-col-50 elementor-top-column elementor-element elementor-element-3f464af\" data-id=\"3f464af\" data-element_type=\"column\">\n\t\t\t<div class=\"elementor-widget-wrap elementor-element-populated\">\n\t\t\t\t\t\t<div class=\"elementor-element elementor-element-0d1ff5b elementor-widget elementor-widget-spacer\" data-id=\"0d1ff5b\" data-element_type=\"widget\" data-widget_type=\"spacer.default\">\n\t\t\t\t<div class=\"elementor-widget-container\">\n\t\t\t\t\t\t\t<div class=\"elementor-spacer\">\n\t\t\t<div class=\"elementor-spacer-inner\"><\/div>\n\t\t<\/div>\n\t\t\t\t\t\t<\/div>\n\t\t\t\t<\/div>\n\t\t\t\t<div class=\"elementor-element elementor-element-8f09e90 elementor-widget elementor-widget-text-editor\" data-id=\"8f09e90\" data-element_type=\"widget\" data-widget_type=\"text-editor.default\">\n\t\t\t\t<div class=\"elementor-widget-container\">\n\t\t\t\t\t\t\t\t\t<p><strong>GENERALNE WYKONAWSTWO<\/strong><\/p><p>\u00a0<\/p><p>Za pomoc\u0105 firm podwykonawczych kadra in\u017cynierska <b>SAVI GROUP<\/b> realizuje <strong>roboty budowlane, sanitarne i elektryczne<\/strong>. D\u0142ugoletnia wsp\u00f3\u0142praca z zaufanymi i sprawdzonymi firmami podwykonawczymi pozwala nam przyjmowa\u0107 do realizacji zdywersyfikowane projekty inwestor\u00f3w o r\u00f3\u017cnym nak\u0142adzie finansowym, dbaj\u0105c o <strong>jako\u015b\u0107 wykonania rob\u00f3t<\/strong> oraz <strong>czas realizacji<\/strong> zgodnie z wytycznymi klienta.<\/p><p>\u00a0<\/p><p>Jako <strong>Generalny Wykonawca<\/strong> sp\u00f3\u0142ki <b>SAVI GROUP<\/b> zapewniaj\u0105:<\/p><ul><li>fachow\u0105 realizacj\u0119 prac wszystkich bran\u017c,<\/li><li>zarz\u0105dzanie procesem budowlanym, w tym koordynacj\u0119 mi\u0119dzybran\u017cow\u0105, terminowo\u015b\u0107 realizowanych rob\u00f3t, koordynacj\u0119 zam\u00f3wie\u0144 i dostaw materia\u0142\u00f3w,<\/li><li>nadz\u00f3r nad jako\u015bci\u0105 wykonywanych prac,<\/li><li>kontrol\u0119 koszt\u00f3w budowy oraz optymalizacje projektowo-techniczne,<\/li><li>prowadzenie budowy zgodnie z obowi\u0105zuj\u0105cymi przepisami Prawa Budowlanego,<\/li><li>przestrzeganie przepis\u00f3w BHP podczas wykonywania prac,<\/li><li>pa\u0144stwowe odbiory cz\u0119\u015bciowe i ko\u0144cowe,<\/li><li>przygotowanie dokumentacji powykonawczej,<\/li><li>uzyskanie pozwolenia na u\u017cytkowanie.<\/li><\/ul>\t\t\t\t\t\t\t\t<\/div>\n\t\t\t\t<\/div>\n\t\t\t\t\t<\/div>\n\t\t<\/div>\n\t\t\t\t<div class=\"elementor-column elementor-col-50 elementor-top-column elementor-element elementor-element-5fb0727\" data-id=\"5fb0727\" data-element_type=\"column\">\n\t\t\t<div class=\"elementor-widget-wrap elementor-element-populated\">\n\t\t\t\t\t\t<div class=\"elementor-element elementor-element-76a78ad elementor-widget elementor-widget-spacer\" data-id=\"76a78ad\" data-element_type=\"widget\" data-widget_type=\"spacer.default\">\n\t\t\t\t<div class=\"elementor-widget-container\">\n\t\t\t\t\t\t\t<div class=\"elementor-spacer\">\n\t\t\t<div class=\"elementor-spacer-inner\"><\/div>\n\t\t<\/div>\n\t\t\t\t\t\t<\/div>\n\t\t\t\t<\/div>\n\t\t\t\t<div class=\"elementor-element elementor-element-b3b33dc elementor-widget elementor-widget-text-editor\" data-id=\"b3b33dc\" data-element_type=\"widget\" data-widget_type=\"text-editor.default\">\n\t\t\t\t<div class=\"elementor-widget-container\">\n\t\t\t\t\t\t\t\t\t<p><strong>ZAPROJEKTUJ I WYBUDUJ<\/strong><\/p><p>\u00a0<\/p><p>Na \u017cyczenie klienta, \u015bwiadczymy us\u0142ugi r\u00f3wnie\u017c w formule \u201e<strong>zaprojektuj i wybuduj<\/strong>\u201d, b\u0119d\u0105c wsparciem organizacyjnym i merytorycznym od pierwszego etapu inwestycyjnego, skupiaj\u0105c si\u0119 nad <strong>optymalizacjami projektowymi i kosztorysowymi<\/strong>. W zakresie trybu \u201ezaprojektuj i wybuduj\u201d znajduj\u0105 si\u0119 takie us\u0142ugi jak:<\/p><p>\u00a0<\/p><ul><li>opracowanie dokumentacji projektowej zgodnie z wymaganiami Prawa Budowlanego oraz zasadami wiedzy technicznej,<\/li><li>uzyskanie wymaganych opinii i uzgodnie\u0144 w \u015bwietle przepis\u00f3w i norm budowlanych,<\/li><li>optymalizacja rozwi\u0105za\u0144 projektowych i technicznych,<\/li><li>opracowanie projektu wykonawczego wszystkich bran\u017c,<\/li><li>koordynacja mi\u0119dzybran\u017cowa projektu,<\/li><li>uzyskanie pozwolenia na budow\u0119.<\/li><\/ul>\t\t\t\t\t\t\t\t<\/div>\n\t\t\t\t<\/div>\n\t\t\t\t\t<\/div>\n\t\t<\/div>\n\t\t\t\t\t<\/div>\n\t\t<\/section>\n\t\t\t\t<section class=\"elementor-section elementor-top-section elementor-element elementor-element-15275274 elementor-section-stretched elementor-section-full_width elementor-section-height-default elementor-section-height-default\" data-id=\"15275274\" data-element_type=\"section\" data-settings=\"{&quot;stretch_section&quot;:&quot;section-stretched&quot;,&quot;background_background&quot;:&quot;classic&quot;}\">\n\t\t\t\t\t\t<div class=\"elementor-container elementor-column-gap-default\">\n\t\t\t\t\t<div class=\"elementor-column elementor-col-100 elementor-top-column elementor-element elementor-element-33fd6bc0\" data-id=\"33fd6bc0\" data-element_type=\"column\">\n\t\t\t<div class=\"elementor-widget-wrap elementor-element-populated\">\n\t\t\t\t\t\t<div class=\"elementor-element elementor-element-7a9ee44e elementor-widget elementor-widget-text-editor\" data-id=\"7a9ee44e\" data-element_type=\"widget\" data-widget_type=\"text-editor.default\">\n\t\t\t\t<div class=\"elementor-widget-container\">\n\t\t\t\t\t\t\t\t\t<p>SAVI GROUP. Wszystkie prawa do tre\u015bci, obraz\u00f3w zastrze\u017cone 2020r.<\/p>\t\t\t\t\t\t\t\t<\/div>\n\t\t\t\t<\/div>\n\t\t\t\t\t<\/div>\n\t\t<\/div>\n\t\t\t\t\t<\/div>\n\t\t<\/section>\n\t\t\t\t<\/div>\n\t\t","protected":false},"excerpt":{"rendered":"<p>Naszym klientom zapewniamy szeroki zakres us\u0142ug budowlanych.Zapraszamy do zapoznania si\u0119 z pe\u0142n\u0105 ofert\u0105 Sp\u00f3\u0142ek SAVI GROUP. GENERALNE WYKONAWSTWO \u00a0 Za pomoc\u0105 firm podwykonawczych kadra in\u017cynierska SAVI GROUP realizuje roboty budowlane, sanitarne i elektryczne. D\u0142ugoletnia wsp\u00f3\u0142praca z zaufanymi i sprawdzonymi firmami podwykonawczymi pozwala nam przyjmowa\u0107 do realizacji zdywersyfikowane projekty inwestor\u00f3w o r\u00f3\u017cnym nak\u0142adzie finansowym, dbaj\u0105c o [&hellip;]<\/p>\n","protected":false},"author":3,"featured_media":0,"parent":0,"menu_order":2,"comment_status":"closed","ping_status":"closed","template":"","meta":{"footnotes":""},"class_list":["post-278","page","type-page","status-publish","hentry"],"_links":{"self":[{"href":"https:\/\/savi.com.pl\/index.php\/wp-json\/wp\/v2\/pages\/278","targetHints":{"allow":["GET"]}}],"collection":[{"href":"https:\/\/savi.com.pl\/index.php\/wp-json\/wp\/v2\/pages"}],"about":[{"href":"https:\/\/savi.com.pl\/index.php\/wp-json\/wp\/v2\/types\/page"}],"author":[{"embeddable":true,"href":"https:\/\/savi.com.pl\/index.php\/wp-json\/wp\/v2\/users\/3"}],"replies":[{"embeddable":true,"href":"https:\/\/savi.com.pl\/index.php\/wp-json\/wp\/v2\/comments?post=278"}],"version-history":[{"count":43,"href":"https:\/\/savi.com.pl\/index.php\/wp-json\/wp\/v2\/pages\/278\/revisions"}],"predecessor-version":[{"id":2939,"href":"https:\/\/savi.com.pl\/index.php\/wp-json\/wp\/v2\/pages\/278\/revisions\/2939"}],"wp:attachment":[{"href":"https:\/\/savi.com.pl\/index.php\/wp-json\/wp\/v2\/media?parent=278"}],"curies":[{"name":"wp","href":"https:\/\/api.w.org\/{rel}","templated":true}]}}