{"id":1812,"date":"2021-04-02T05:09:26","date_gmt":"2021-04-02T03:09:26","guid":{"rendered":"http:\/\/savi.com.pl\/?page_id=1812"},"modified":"2021-04-06T20:15:42","modified_gmt":"2021-04-06T18:15:42","slug":"w-trakcie-realizacji-2","status":"publish","type":"page","link":"https:\/\/savi.com.pl\/index.php\/w-trakcie-realizacji-2\/","title":{"rendered":"W trakcie realizacji"},"content":{"rendered":"\t\t<div data-elementor-type=\"wp-post\" data-elementor-id=\"1812\" class=\"elementor elementor-1812\" data-elementor-post-type=\"page\">\n\t\t\t\t\t\t<section class=\"elementor-section elementor-top-section elementor-element elementor-element-dd4d0fc elementor-section-boxed elementor-section-height-default elementor-section-height-default\" data-id=\"dd4d0fc\" data-element_type=\"section\" data-settings=\"{&quot;background_background&quot;:&quot;classic&quot;,&quot;shape_divider_top&quot;:&quot;pyramids&quot;}\">\n\t\t\t\t\t<div class=\"elementor-shape elementor-shape-top\" aria-hidden=\"true\" data-negative=\"false\">\n\t\t\t<svg xmlns=\"http:\/\/www.w3.org\/2000\/svg\" viewBox=\"0 0 1000 100\" preserveAspectRatio=\"none\">\n\t<path class=\"elementor-shape-fill\" d=\"M761.9,44.1L643.1,27.2L333.8,98L0,3.8V0l1000,0v3.9\"\/>\n<\/svg>\t\t<\/div>\n\t\t\t\t\t<div class=\"elementor-container elementor-column-gap-default\">\n\t\t\t\t\t<div class=\"elementor-column elementor-col-100 elementor-top-column elementor-element elementor-element-de459de\" data-id=\"de459de\" data-element_type=\"column\">\n\t\t\t<div class=\"elementor-widget-wrap elementor-element-populated\">\n\t\t\t\t\t\t<div class=\"elementor-element elementor-element-1a2337b elementor-widget elementor-widget-spacer\" data-id=\"1a2337b\" data-element_type=\"widget\" data-widget_type=\"spacer.default\">\n\t\t\t\t<div class=\"elementor-widget-container\">\n\t\t\t\t\t\t\t<div class=\"elementor-spacer\">\n\t\t\t<div class=\"elementor-spacer-inner\"><\/div>\n\t\t<\/div>\n\t\t\t\t\t\t<\/div>\n\t\t\t\t<\/div>\n\t\t\t\t<div class=\"elementor-element elementor-element-17675f6 elementor-widget elementor-widget-heading\" data-id=\"17675f6\" data-element_type=\"widget\" data-widget_type=\"heading.default\">\n\t\t\t\t<div class=\"elementor-widget-container\">\n\t\t\t\t\t<h2 class=\"elementor-heading-title elementor-size-default\">Inwestycje w trakcie realizacji\n<\/h2>\t\t\t\t<\/div>\n\t\t\t\t<\/div>\n\t\t\t\t<div class=\"elementor-element elementor-element-6853b0b elementor-widget elementor-widget-heading\" data-id=\"6853b0b\" data-element_type=\"widget\" data-widget_type=\"heading.default\">\n\t\t\t\t<div class=\"elementor-widget-container\">\n\t\t\t\t\t<h4 class=\"elementor-heading-title elementor-size-default\">Zapraszamy do zapoznania si\u0119 z naszymi projektami.<\/h4>\t\t\t\t<\/div>\n\t\t\t\t<\/div>\n\t\t\t\t<div class=\"elementor-element elementor-element-15eff7c elementor-widget elementor-widget-spacer\" data-id=\"15eff7c\" data-element_type=\"widget\" data-widget_type=\"spacer.default\">\n\t\t\t\t<div class=\"elementor-widget-container\">\n\t\t\t\t\t\t\t<div class=\"elementor-spacer\">\n\t\t\t<div class=\"elementor-spacer-inner\"><\/div>\n\t\t<\/div>\n\t\t\t\t\t\t<\/div>\n\t\t\t\t<\/div>\n\t\t\t\t\t<\/div>\n\t\t<\/div>\n\t\t\t\t\t<\/div>\n\t\t<\/section>\n\t\t\t\t<section class=\"elementor-section elementor-top-section elementor-element elementor-element-a790cd4 elementor-section-boxed elementor-section-height-default elementor-section-height-default\" data-id=\"a790cd4\" data-element_type=\"section\">\n\t\t\t\t\t\t<div class=\"elementor-container elementor-column-gap-default\">\n\t\t\t\t\t<div class=\"elementor-column elementor-col-100 elementor-top-column elementor-element elementor-element-02b979d\" data-id=\"02b979d\" data-element_type=\"column\">\n\t\t\t<div class=\"elementor-widget-wrap elementor-element-populated\">\n\t\t\t\t\t\t<div class=\"elementor-element elementor-element-fc6b50a elementor-grid-3 elementor-grid-tablet-2 elementor-grid-mobile-1 elementor-posts--thumbnail-top elementor-card-shadow-yes elementor-posts__hover-gradient elementor-widget elementor-widget-posts\" data-id=\"fc6b50a\" data-element_type=\"widget\" data-settings=\"{&quot;cards_columns&quot;:&quot;3&quot;,&quot;cards_columns_tablet&quot;:&quot;2&quot;,&quot;cards_columns_mobile&quot;:&quot;1&quot;,&quot;cards_row_gap&quot;:{&quot;unit&quot;:&quot;px&quot;,&quot;size&quot;:35,&quot;sizes&quot;:[]},&quot;cards_row_gap_tablet&quot;:{&quot;unit&quot;:&quot;px&quot;,&quot;size&quot;:&quot;&quot;,&quot;sizes&quot;:[]},&quot;cards_row_gap_mobile&quot;:{&quot;unit&quot;:&quot;px&quot;,&quot;size&quot;:&quot;&quot;,&quot;sizes&quot;:[]}}\" data-widget_type=\"posts.cards\">\n\t\t\t\t<div class=\"elementor-widget-container\">\n\t\t\t\t\t\t\t<div class=\"elementor-posts-container elementor-posts elementor-posts--skin-cards elementor-grid\">\n\t\t\t\t<article class=\"elementor-post elementor-grid-item post-3093 post type-post status-publish format-standard has-post-thumbnail hentry category-w-trakcie-realizacji\">\n\t\t\t<div class=\"elementor-post__card\">\n\t\t\t\t<a class=\"elementor-post__thumbnail__link\" href=\"https:\/\/savi.com.pl\/index.php\/2025\/04\/08\/budowa-nowego-pawilonu-handlowego-wraz-z-rozbudowa-istniejacego-skrzyzowania-typu-rondo\/\" tabindex=\"-1\" ><div class=\"elementor-post__thumbnail\"><img fetchpriority=\"high\" decoding=\"async\" width=\"600\" height=\"384\" src=\"https:\/\/savi.com.pl\/wp-content\/uploads\/20250528_082722-600x384.jpg\" class=\"attachment-medium size-medium wp-image-3171\" alt=\"\" srcset=\"https:\/\/savi.com.pl\/wp-content\/uploads\/20250528_082722-600x384.jpg 600w, https:\/\/savi.com.pl\/wp-content\/uploads\/20250528_082722-1024x656.jpg 1024w, https:\/\/savi.com.pl\/wp-content\/uploads\/20250528_082722-500x320.jpg 500w, https:\/\/savi.com.pl\/wp-content\/uploads\/20250528_082722-768x492.jpg 768w, https:\/\/savi.com.pl\/wp-content\/uploads\/20250528_082722-1536x984.jpg 1536w, https:\/\/savi.com.pl\/wp-content\/uploads\/20250528_082722-2048x1312.jpg 2048w\" sizes=\"(max-width: 600px) 100vw, 600px\" \/><\/div><\/a>\n\t\t\t\t<div class=\"elementor-post__text\">\n\t\t\t\t<h3 class=\"elementor-post__title\">\n\t\t\t<a href=\"https:\/\/savi.com.pl\/index.php\/2025\/04\/08\/budowa-nowego-pawilonu-handlowego-wraz-z-rozbudowa-istniejacego-skrzyzowania-typu-rondo\/\" >\n\t\t\t\tBudowa nowego pawilonu handlowego wraz z rozbudow\u0105 istniej\u0105cego skrzy\u017cowania typu rondo\t\t\t<\/a>\n\t\t<\/h3>\n\t\t\t\t<div class=\"elementor-post__excerpt\">\n\t\t\t<p>Miejscowo\u015b\u0107 Gmina Wo\u0142\u00f3w Okres Inwestycji kwiecie\u0144 2025r. \u2013 grudzie\u0144 2025r. Zakres prac Budowa budynku us\u0142ugowo-handlowego wraz z niezb\u0119dnymi instalacjami zewn\u0119trznymi i wewn\u0119trznymi oraz infrastruktur\u0105 techniczn\u0105<\/p>\n\t\t<\/div>\n\t\t\n\t\t<a class=\"elementor-post__read-more\" href=\"https:\/\/savi.com.pl\/index.php\/2025\/04\/08\/budowa-nowego-pawilonu-handlowego-wraz-z-rozbudowa-istniejacego-skrzyzowania-typu-rondo\/\" aria-label=\"Read more about Budowa nowego pawilonu handlowego wraz z rozbudow\u0105 istniej\u0105cego skrzy\u017cowania typu rondo\" tabindex=\"-1\" >\n\t\t\tZobacz wi\u0119cej \u00bb\t\t<\/a>\n\n\t\t\t\t<\/div>\n\t\t\t\t\t<\/div>\n\t\t<\/article>\n\t\t\t\t<article class=\"elementor-post elementor-grid-item post-3082 post type-post status-publish format-standard has-post-thumbnail hentry category-w-trakcie-realizacji\">\n\t\t\t<div class=\"elementor-post__card\">\n\t\t\t\t<a class=\"elementor-post__thumbnail__link\" href=\"https:\/\/savi.com.pl\/index.php\/2025\/04\/08\/budowa-obiektu-self-storage-less-mess-w-msc-opacz-kolonia\/\" tabindex=\"-1\" ><div class=\"elementor-post__thumbnail\"><img decoding=\"async\" width=\"600\" height=\"450\" src=\"https:\/\/savi.com.pl\/wp-content\/uploads\/20250731_142157-Medium-600x450.jpg\" class=\"attachment-medium size-medium wp-image-3207\" alt=\"\" srcset=\"https:\/\/savi.com.pl\/wp-content\/uploads\/20250731_142157-Medium-600x450.jpg 600w, https:\/\/savi.com.pl\/wp-content\/uploads\/20250731_142157-Medium-500x375.jpg 500w, https:\/\/savi.com.pl\/wp-content\/uploads\/20250731_142157-Medium-768x576.jpg 768w, https:\/\/savi.com.pl\/wp-content\/uploads\/20250731_142157-Medium.jpg 1024w\" sizes=\"(max-width: 600px) 100vw, 600px\" \/><\/div><\/a>\n\t\t\t\t<div class=\"elementor-post__text\">\n\t\t\t\t<h3 class=\"elementor-post__title\">\n\t\t\t<a href=\"https:\/\/savi.com.pl\/index.php\/2025\/04\/08\/budowa-obiektu-self-storage-less-mess-w-msc-opacz-kolonia\/\" >\n\t\t\t\tBudowa Obiektu Self Storage &#8222;Less Mess&#8221; w msc. Opacz Kolonia\t\t\t<\/a>\n\t\t<\/h3>\n\t\t\t\t<div class=\"elementor-post__excerpt\">\n\t\t\t<p>Miejscowo\u015b\u0107 Opacz Kolonia (gmina Micha\u0142owice), woj. mazowieckie) Okres Inwestycji kwiecie\u0144 2025r. \u2013 kwiecie\u0144 2026r. Zakres prac Budowa budynku us\u0142ugowego o funkcji przechowywania (self storage) wraz<\/p>\n\t\t<\/div>\n\t\t\n\t\t<a class=\"elementor-post__read-more\" href=\"https:\/\/savi.com.pl\/index.php\/2025\/04\/08\/budowa-obiektu-self-storage-less-mess-w-msc-opacz-kolonia\/\" aria-label=\"Read more about Budowa Obiektu Self Storage &#8222;Less Mess&#8221; w msc. Opacz Kolonia\" tabindex=\"-1\" >\n\t\t\tZobacz wi\u0119cej \u00bb\t\t<\/a>\n\n\t\t\t\t<\/div>\n\t\t\t\t\t<\/div>\n\t\t<\/article>\n\t\t\t\t<article class=\"elementor-post elementor-grid-item post-3066 post type-post status-publish format-standard has-post-thumbnail hentry category-w-trakcie-realizacji\">\n\t\t\t<div class=\"elementor-post__card\">\n\t\t\t\t<a class=\"elementor-post__thumbnail__link\" href=\"https:\/\/savi.com.pl\/index.php\/2025\/02\/17\/przebudowa-systemu-chlodnictwa-w-istniejacych-obiektach-handlowych-budowa-sciany-ppoz\/\" tabindex=\"-1\" ><div class=\"elementor-post__thumbnail\"><img decoding=\"async\" width=\"450\" height=\"600\" src=\"https:\/\/savi.com.pl\/wp-content\/uploads\/IMG20250325190613-450x600.jpg\" class=\"attachment-medium size-medium wp-image-3105\" alt=\"\" srcset=\"https:\/\/savi.com.pl\/wp-content\/uploads\/IMG20250325190613-450x600.jpg 450w, https:\/\/savi.com.pl\/wp-content\/uploads\/IMG20250325190613-768x1024.jpg 768w, https:\/\/savi.com.pl\/wp-content\/uploads\/IMG20250325190613-375x500.jpg 375w, https:\/\/savi.com.pl\/wp-content\/uploads\/IMG20250325190613-1152x1536.jpg 1152w, https:\/\/savi.com.pl\/wp-content\/uploads\/IMG20250325190613-1536x2048.jpg 1536w\" sizes=\"(max-width: 450px) 100vw, 450px\" \/><\/div><\/a>\n\t\t\t\t<div class=\"elementor-post__text\">\n\t\t\t\t<h3 class=\"elementor-post__title\">\n\t\t\t<a href=\"https:\/\/savi.com.pl\/index.php\/2025\/02\/17\/przebudowa-systemu-chlodnictwa-w-istniejacych-obiektach-handlowych-budowa-sciany-ppoz\/\" >\n\t\t\t\tPrzebudowa Systemu Ch\u0142odnictwa oraz Rozbudowa PFAND w Istniej\u0105cych Obiektach Handlowych, Budowa \u015bciany PPO\u017b\t\t\t<\/a>\n\t\t<\/h3>\n\t\t\t\t<div class=\"elementor-post__excerpt\">\n\t\t\t<p>Miejscowo\u015b\u0107 Wojew\u00f3dztwo: \u015bl\u0105skie, mazowieckie, dolno\u015bl\u0105skie, wielkopolskie, lubuskie Okres Inwestycji marzec &#8211; listopad 2025 Zakres prac Przebudowa system\u00f3w ch\u0142odnictwa i pomieszcze\u0144 butelkowni w istniej\u0105cych obiektach handlowych<\/p>\n\t\t<\/div>\n\t\t\n\t\t<a class=\"elementor-post__read-more\" href=\"https:\/\/savi.com.pl\/index.php\/2025\/02\/17\/przebudowa-systemu-chlodnictwa-w-istniejacych-obiektach-handlowych-budowa-sciany-ppoz\/\" aria-label=\"Read more about Przebudowa Systemu Ch\u0142odnictwa oraz Rozbudowa PFAND w Istniej\u0105cych Obiektach Handlowych, Budowa \u015bciany PPO\u017b\" tabindex=\"-1\" >\n\t\t\tZobacz wi\u0119cej \u00bb\t\t<\/a>\n\n\t\t\t\t<\/div>\n\t\t\t\t\t<\/div>\n\t\t<\/article>\n\t\t\t\t<article class=\"elementor-post elementor-grid-item post-2977 post type-post status-publish format-standard has-post-thumbnail hentry category-w-trakcie-realizacji\">\n\t\t\t<div class=\"elementor-post__card\">\n\t\t\t\t<a class=\"elementor-post__thumbnail__link\" href=\"https:\/\/savi.com.pl\/index.php\/2024\/09\/27\/budowa-obiektu-magazynowego-typu-self-storage-2\/\" tabindex=\"-1\" ><div class=\"elementor-post__thumbnail\"><img loading=\"lazy\" decoding=\"async\" width=\"600\" height=\"450\" src=\"https:\/\/savi.com.pl\/wp-content\/uploads\/DJI_20250822175055_0015_D-600x450.jpg\" class=\"attachment-medium size-medium wp-image-3213\" alt=\"\" srcset=\"https:\/\/savi.com.pl\/wp-content\/uploads\/DJI_20250822175055_0015_D-600x450.jpg 600w, https:\/\/savi.com.pl\/wp-content\/uploads\/DJI_20250822175055_0015_D-1024x768.jpg 1024w, https:\/\/savi.com.pl\/wp-content\/uploads\/DJI_20250822175055_0015_D-500x375.jpg 500w, https:\/\/savi.com.pl\/wp-content\/uploads\/DJI_20250822175055_0015_D-768x576.jpg 768w, https:\/\/savi.com.pl\/wp-content\/uploads\/DJI_20250822175055_0015_D-1536x1152.jpg 1536w, https:\/\/savi.com.pl\/wp-content\/uploads\/DJI_20250822175055_0015_D-2048x1536.jpg 2048w\" sizes=\"(max-width: 600px) 100vw, 600px\" \/><\/div><\/a>\n\t\t\t\t<div class=\"elementor-post__text\">\n\t\t\t\t<h3 class=\"elementor-post__title\">\n\t\t\t<a href=\"https:\/\/savi.com.pl\/index.php\/2024\/09\/27\/budowa-obiektu-magazynowego-typu-self-storage-2\/\" >\n\t\t\t\tBudowa Budynku Handlowego &#8222;Bokaro&#8221; z Cz\u0119\u015bci\u0105 Magazynow\u0105\t\t\t<\/a>\n\t\t<\/h3>\n\t\t\t\t<div class=\"elementor-post__excerpt\">\n\t\t\t<p>Miejscowo\u015b\u0107 Wroc\u0142aw Okres Inwestycji Projektowanie: wrzesie\u0144 2024r. \u2013 luty 2025r. Realizacja: luty 2025r. &#8211; grudzie\u0144 2025r. Zakres prac BUDOWA BUDYNKU HANDLOWEGO Z CZ\u0118\u015aCI\u0104 MAGAZYNOW\u0104 I<\/p>\n\t\t<\/div>\n\t\t\n\t\t<a class=\"elementor-post__read-more\" href=\"https:\/\/savi.com.pl\/index.php\/2024\/09\/27\/budowa-obiektu-magazynowego-typu-self-storage-2\/\" aria-label=\"Read more about Budowa Budynku Handlowego &#8222;Bokaro&#8221; z Cz\u0119\u015bci\u0105 Magazynow\u0105\" tabindex=\"-1\" >\n\t\t\tZobacz wi\u0119cej \u00bb\t\t<\/a>\n\n\t\t\t\t<\/div>\n\t\t\t\t\t<\/div>\n\t\t<\/article>\n\t\t\t\t<\/div>\n\t\t\n\t\t\t\t\t\t<\/div>\n\t\t\t\t<\/div>\n\t\t\t\t\t<\/div>\n\t\t<\/div>\n\t\t\t\t\t<\/div>\n\t\t<\/section>\n\t\t\t\t<\/div>\n\t\t","protected":false},"excerpt":{"rendered":"<p>Inwestycje w trakcie realizacji Zapraszamy do zapoznania si\u0119 z naszymi projektami.<\/p>\n","protected":false},"author":975900,"featured_media":0,"parent":0,"menu_order":0,"comment_status":"closed","ping_status":"closed","template":"","meta":{"footnotes":""},"class_list":["post-1812","page","type-page","status-publish","hentry"],"_links":{"self":[{"href":"https:\/\/savi.com.pl\/index.php\/wp-json\/wp\/v2\/pages\/1812","targetHints":{"allow":["GET"]}}],"collection":[{"href":"https:\/\/savi.com.pl\/index.php\/wp-json\/wp\/v2\/pages"}],"about":[{"href":"https:\/\/savi.com.pl\/index.php\/wp-json\/wp\/v2\/types\/page"}],"author":[{"embeddable":true,"href":"https:\/\/savi.com.pl\/index.php\/wp-json\/wp\/v2\/users\/975900"}],"replies":[{"embeddable":true,"href":"https:\/\/savi.com.pl\/index.php\/wp-json\/wp\/v2\/comments?post=1812"}],"version-history":[{"count":5,"href":"https:\/\/savi.com.pl\/index.php\/wp-json\/wp\/v2\/pages\/1812\/revisions"}],"predecessor-version":[{"id":1972,"href":"https:\/\/savi.com.pl\/index.php\/wp-json\/wp\/v2\/pages\/1812\/revisions\/1972"}],"wp:attachment":[{"href":"https:\/\/savi.com.pl\/index.php\/wp-json\/wp\/v2\/media?parent=1812"}],"curies":[{"name":"wp","href":"https:\/\/api.w.org\/{rel}","templated":true}]}}