{"id":1787,"date":"2021-03-28T23:48:52","date_gmt":"2021-03-28T21:48:52","guid":{"rendered":"http:\/\/savi.com.pl\/?page_id=1787"},"modified":"2025-04-30T10:42:38","modified_gmt":"2025-04-30T08:42:38","slug":"kariera-de","status":"publish","type":"page","link":"https:\/\/savi.com.pl\/index.php\/de\/kariera-de\/","title":{"rendered":"Kariera DE"},"content":{"rendered":"\t\t<div data-elementor-type=\"wp-post\" data-elementor-id=\"1787\" class=\"elementor elementor-1787\" data-elementor-post-type=\"page\">\n\t\t\t\t\t\t<section class=\"elementor-section elementor-top-section elementor-element elementor-element-f4a2267 elementor-section-boxed elementor-section-height-default elementor-section-height-default\" data-id=\"f4a2267\" data-element_type=\"section\">\n\t\t\t\t\t\t<div class=\"elementor-container elementor-column-gap-default\">\n\t\t\t\t\t<div class=\"elementor-column elementor-col-50 elementor-top-column elementor-element elementor-element-fb27fd2\" data-id=\"fb27fd2\" data-element_type=\"column\">\n\t\t\t<div class=\"elementor-widget-wrap elementor-element-populated\">\n\t\t\t\t\t\t<div class=\"elementor-element elementor-element-8860cdd elementor-widget elementor-widget-image\" data-id=\"8860cdd\" data-element_type=\"widget\" data-widget_type=\"image.default\">\n\t\t\t\t<div class=\"elementor-widget-container\">\n\t\t\t\t\t\t\t\t\t\t\t\t\t\t\t<img fetchpriority=\"high\" decoding=\"async\" width=\"640\" height=\"426\" src=\"https:\/\/savi.com.pl\/wp-content\/uploads\/marketing.jpg\" class=\"attachment-large size-large wp-image-1586\" alt=\"\" srcset=\"https:\/\/savi.com.pl\/wp-content\/uploads\/marketing.jpg 640w, https:\/\/savi.com.pl\/wp-content\/uploads\/marketing-600x399.jpg 600w, https:\/\/savi.com.pl\/wp-content\/uploads\/marketing-500x333.jpg 500w\" sizes=\"(max-width: 640px) 100vw, 640px\" \/>\t\t\t\t\t\t\t\t\t\t\t\t\t\t\t<\/div>\n\t\t\t\t<\/div>\n\t\t\t\t\t<\/div>\n\t\t<\/div>\n\t\t\t\t<div class=\"elementor-column elementor-col-50 elementor-top-column elementor-element elementor-element-9a5bdf3\" data-id=\"9a5bdf3\" data-element_type=\"column\">\n\t\t\t<div class=\"elementor-widget-wrap elementor-element-populated\">\n\t\t\t\t\t\t<div class=\"elementor-element elementor-element-b7867c9 elementor-widget elementor-widget-heading\" data-id=\"b7867c9\" data-element_type=\"widget\" data-widget_type=\"heading.default\">\n\t\t\t\t<div class=\"elementor-widget-container\">\n\t\t\t\t\t<h2 class=\"elementor-heading-title elementor-size-default\">ENTWICKLE DICH MIT SAVI GROUP<\/h2>\t\t\t\t<\/div>\n\t\t\t\t<\/div>\n\t\t\t\t<div class=\"elementor-element elementor-element-f52ab19 elementor-align-left elementor-icon-list--layout-traditional elementor-list-item-link-full_width elementor-widget elementor-widget-icon-list\" data-id=\"f52ab19\" data-element_type=\"widget\" data-widget_type=\"icon-list.default\">\n\t\t\t\t<div class=\"elementor-widget-container\">\n\t\t\t\t\t\t\t<ul class=\"elementor-icon-list-items\">\n\t\t\t\t\t\t\t<li class=\"elementor-icon-list-item\">\n\t\t\t\t\t\t\t\t\t\t\t<span class=\"elementor-icon-list-icon\">\n\t\t\t\t\t\t\t<i aria-hidden=\"true\" class=\"fas fa-check\"><\/i>\t\t\t\t\t\t<\/span>\n\t\t\t\t\t\t\t\t\t\t<span class=\"elementor-icon-list-text\">SICHERE BESCH\u00c4FTIGUNGSFORM<\/span>\n\t\t\t\t\t\t\t\t\t<\/li>\n\t\t\t\t\t\t\t\t<li class=\"elementor-icon-list-item\">\n\t\t\t\t\t\t\t\t\t\t\t<span class=\"elementor-icon-list-icon\">\n\t\t\t\t\t\t\t<i aria-hidden=\"true\" class=\"fas fa-thumbs-up\"><\/i>\t\t\t\t\t\t<\/span>\n\t\t\t\t\t\t\t\t\t\t<span class=\"elementor-icon-list-text\">STABILE BEDINGUNGEN<\/span>\n\t\t\t\t\t\t\t\t\t<\/li>\n\t\t\t\t\t\t\t\t<li class=\"elementor-icon-list-item\">\n\t\t\t\t\t\t\t\t\t\t\t<span class=\"elementor-icon-list-icon\">\n\t\t\t\t\t\t\t<i aria-hidden=\"true\" class=\"far fa-edit\"><\/i>\t\t\t\t\t\t<\/span>\n\t\t\t\t\t\t\t\t\t\t<span class=\"elementor-icon-list-text\">ENTWICKLUNGSM\u00d6GLICHKEITEN<\/span>\n\t\t\t\t\t\t\t\t\t<\/li>\n\t\t\t\t\t\t<\/ul>\n\t\t\t\t\t\t<\/div>\n\t\t\t\t<\/div>\n\t\t\t\t\t<\/div>\n\t\t<\/div>\n\t\t\t\t\t<\/div>\n\t\t<\/section>\n\t\t\t\t<section class=\"elementor-section elementor-top-section elementor-element elementor-element-c0a5edb elementor-section-boxed elementor-section-height-default elementor-section-height-default\" data-id=\"c0a5edb\" data-element_type=\"section\">\n\t\t\t\t\t\t<div class=\"elementor-container elementor-column-gap-default\">\n\t\t\t\t\t<div class=\"elementor-column elementor-col-100 elementor-top-column elementor-element elementor-element-45f4483\" data-id=\"45f4483\" data-element_type=\"column\">\n\t\t\t<div class=\"elementor-widget-wrap elementor-element-populated\">\n\t\t\t\t\t\t<div class=\"elementor-element elementor-element-48fd962 elementor-widget elementor-widget-menu-anchor\" data-id=\"48fd962\" data-element_type=\"widget\" data-widget_type=\"menu-anchor.default\">\n\t\t\t\t<div class=\"elementor-widget-container\">\n\t\t\t\t\t\t\t<div class=\"elementor-menu-anchor\" id=\"kariera\"><\/div>\n\t\t\t\t\t\t<\/div>\n\t\t\t\t<\/div>\n\t\t\t\t<div class=\"elementor-element elementor-element-031b43e elementor-widget elementor-widget-text-editor\" data-id=\"031b43e\" data-element_type=\"widget\" data-widget_type=\"text-editor.default\">\n\t\t\t\t<div class=\"elementor-widget-container\">\n\t\t\t\t\t\t\t\t\t<p data-start=\"113\" data-end=\"191\" class=\"\"><strong data-start=\"113\" data-end=\"191\">Aktuell suchen wir Kandidaten f\u00fcr die Position: Baukostensch\u00e4tzer (m\/w\/d).<\/strong><\/p>\n<p data-start=\"193\" data-end=\"262\" class=\"\">Bewirb dich jetzt \u00fcber&nbsp;<a href=\"https:\/\/www.pracuj.pl\/praca\/,oferta,1004056413\" target=\"_blank\">pracuj.pl<\/a>&nbsp;und besuche unser&nbsp;<a href=\"https:\/\/pracodawcy.pracuj.pl\/profile\/savi,mzcjwf8,pl\" target=\"_blank\">Arbeitgeberprofil<\/a>!<\/p>\n<p data-start=\"264\" data-end=\"541\" class=\"\">SAVI GROUP ist ein Team erfahrener Fachleute, das anspruchsvolle Projekte im Bau- und Ingenieurwesen realisiert. Innerhalb unserer Unternehmensgruppe bieten wir Positionen in den Bereichen Projektmanagement, Ingenieurwesen, Kostensch\u00e4tzung und administrativer Unterst\u00fctzung an.<\/p>\n<p data-start=\"543\" data-end=\"583\" class=\"\">Typische Positionen bei SAVI GROUP sind:<\/p>\n<ul data-start=\"585\" data-end=\"926\">\n<li data-start=\"585\" data-end=\"651\" class=\"\">\n<p data-start=\"587\" data-end=\"651\" class=\"\"><strong data-start=\"587\" data-end=\"609\">Projektmanagement:<\/strong> Bauleiter, Fachbauleiter, Projektleiter<\/p>\n<\/li>\n<li data-start=\"652\" data-end=\"727\" class=\"\">\n<p data-start=\"654\" data-end=\"727\" class=\"\"><strong data-start=\"654\" data-end=\"673\">Ingenieurwesen:<\/strong> Bauingenieure, Sanit\u00e4ringenieure, Elektroingenieure<\/p>\n<\/li>\n<li data-start=\"728\" data-end=\"804\" class=\"\">\n<p data-start=\"730\" data-end=\"804\" class=\"\"><strong data-start=\"730\" data-end=\"750\">Kostensch\u00e4tzung:<\/strong> Kostensch\u00e4tzer im Bau-, Sanit\u00e4r- und Elektrobereich<\/p>\n<\/li>\n<li data-start=\"805\" data-end=\"926\" class=\"\">\n<p data-start=\"807\" data-end=\"926\" class=\"\"><strong data-start=\"807\" data-end=\"852\">Administration &amp; operative Unterst\u00fctzung:<\/strong> Fachkr\u00e4fte in den Bereichen Verwaltung, Buchhaltung und interne Kontrolle<\/p>\n<\/li>\n<\/ul>\n<p data-start=\"928\" data-end=\"1106\" class=\"\">Wenn Sie Interesse an einer Mitarbeit in unserem Unternehmen haben, freuen wir uns auf Ihre Bewerbung per E-Mail oder Ihren Anruf. Gerne lernen wir Ihr berufliches Profil kennen.<\/p>\n<p><\/p>\n<p data-start=\"1108\" data-end=\"1191\" class=\"\">Unsere aktuellen Stellenangebote finden Sie auf <a data-start=\"1156\" data-end=\"1190\" class=\"\" rel=\"noopener\" target=\"_new\" href=\"https:\/\/www.pracuj.pl\">Pracuj.pl<\/a>.<\/p>\t\t\t\t\t\t\t\t<\/div>\n\t\t\t\t<\/div>\n\t\t\t\t\t<\/div>\n\t\t<\/div>\n\t\t\t\t\t<\/div>\n\t\t<\/section>\n\t\t\t\t<section class=\"elementor-section elementor-top-section elementor-element elementor-element-6160b408 elementor-section-stretched elementor-section-full_width elementor-section-height-default elementor-section-height-default\" data-id=\"6160b408\" data-element_type=\"section\" data-settings=\"{&quot;stretch_section&quot;:&quot;section-stretched&quot;,&quot;background_background&quot;:&quot;classic&quot;}\">\n\t\t\t\t\t\t<div class=\"elementor-container elementor-column-gap-default\">\n\t\t\t\t\t<div class=\"elementor-column elementor-col-100 elementor-top-column elementor-element elementor-element-541a80c1\" data-id=\"541a80c1\" data-element_type=\"column\">\n\t\t\t<div class=\"elementor-widget-wrap elementor-element-populated\">\n\t\t\t\t\t\t<div class=\"elementor-element elementor-element-7f0fc07 elementor-widget elementor-widget-text-editor\" data-id=\"7f0fc07\" data-element_type=\"widget\" data-widget_type=\"text-editor.default\">\n\t\t\t\t<div class=\"elementor-widget-container\">\n\t\t\t\t\t\t\t\t\t<p>SAVI GROUP. Alle Rechte an Inhalten, Bilder vorbehalten 2020.<\/p>\t\t\t\t\t\t\t\t<\/div>\n\t\t\t\t<\/div>\n\t\t\t\t\t<\/div>\n\t\t<\/div>\n\t\t\t\t\t<\/div>\n\t\t<\/section>\n\t\t\t\t<\/div>\n\t\t","protected":false},"excerpt":{"rendered":"<p>ENTWICKLE DICH MIT SAVI GROUP SICHERE BESCH\u00c4FTIGUNGSFORM STABILE BEDINGUNGEN ENTWICKLUNGSM\u00d6GLICHKEITEN Aktuell suchen wir Kandidaten f\u00fcr die Position: Baukostensch\u00e4tzer (m\/w\/d). Bewirb dich jetzt \u00fcber&nbsp;pracuj.pl&nbsp;und besuche unser&nbsp;Arbeitgeberprofil! SAVI GROUP ist ein Team erfahrener Fachleute, das anspruchsvolle Projekte im Bau- und Ingenieurwesen realisiert. Innerhalb unserer Unternehmensgruppe bieten wir Positionen in den Bereichen Projektmanagement, Ingenieurwesen, Kostensch\u00e4tzung und administrativer Unterst\u00fctzung [&hellip;]<\/p>\n","protected":false},"author":975900,"featured_media":0,"parent":0,"menu_order":4,"comment_status":"closed","ping_status":"closed","template":"","meta":{"footnotes":""},"class_list":["post-1787","page","type-page","status-publish","hentry"],"_links":{"self":[{"href":"https:\/\/savi.com.pl\/index.php\/wp-json\/wp\/v2\/pages\/1787","targetHints":{"allow":["GET"]}}],"collection":[{"href":"https:\/\/savi.com.pl\/index.php\/wp-json\/wp\/v2\/pages"}],"about":[{"href":"https:\/\/savi.com.pl\/index.php\/wp-json\/wp\/v2\/types\/page"}],"author":[{"embeddable":true,"href":"https:\/\/savi.com.pl\/index.php\/wp-json\/wp\/v2\/users\/975900"}],"replies":[{"embeddable":true,"href":"https:\/\/savi.com.pl\/index.php\/wp-json\/wp\/v2\/comments?post=1787"}],"version-history":[{"count":7,"href":"https:\/\/savi.com.pl\/index.php\/wp-json\/wp\/v2\/pages\/1787\/revisions"}],"predecessor-version":[{"id":3141,"href":"https:\/\/savi.com.pl\/index.php\/wp-json\/wp\/v2\/pages\/1787\/revisions\/3141"}],"wp:attachment":[{"href":"https:\/\/savi.com.pl\/index.php\/wp-json\/wp\/v2\/media?parent=1787"}],"curies":[{"name":"wp","href":"https:\/\/api.w.org\/{rel}","templated":true}]}}