{"id":1777,"date":"2021-03-28T23:14:46","date_gmt":"2021-03-28T21:14:46","guid":{"rendered":"http:\/\/savi.com.pl\/?page_id=1777"},"modified":"2021-04-10T18:55:29","modified_gmt":"2021-04-10T16:55:29","slug":"oferta-de","status":"publish","type":"page","link":"https:\/\/savi.com.pl\/index.php\/de\/oferta-de\/","title":{"rendered":"Oferta DE"},"content":{"rendered":"\t\t<div data-elementor-type=\"wp-post\" data-elementor-id=\"1777\" class=\"elementor elementor-1777\" data-elementor-post-type=\"page\">\n\t\t\t\t\t\t<section class=\"elementor-section elementor-top-section elementor-element elementor-element-d205d28 elementor-section-boxed elementor-section-height-default elementor-section-height-default\" data-id=\"d205d28\" data-element_type=\"section\">\n\t\t\t\t\t\t<div class=\"elementor-container elementor-column-gap-default\">\n\t\t\t\t\t<div class=\"elementor-column elementor-col-100 elementor-top-column elementor-element elementor-element-17663aa\" data-id=\"17663aa\" data-element_type=\"column\">\n\t\t\t<div class=\"elementor-widget-wrap elementor-element-populated\">\n\t\t\t\t\t\t<div class=\"elementor-element elementor-element-f244606 elementor-widget elementor-widget-image\" data-id=\"f244606\" data-element_type=\"widget\" data-widget_type=\"image.default\">\n\t\t\t\t<div class=\"elementor-widget-container\">\n\t\t\t\t\t\t\t\t\t\t\t\t\t\t\t<img decoding=\"async\" src=\"https:\/\/savi.com.pl\/wp-content\/uploads\/elementor\/thumbs\/sav-p5ffp6dv814gnpo48qpyhkfcvu9shiiez1ylx2ugh4.png\" title=\"sav\" alt=\"sav\" loading=\"lazy\" \/>\t\t\t\t\t\t\t\t\t\t\t\t\t\t\t<\/div>\n\t\t\t\t<\/div>\n\t\t\t\t<div class=\"elementor-element elementor-element-243abac elementor-widget elementor-widget-text-editor\" data-id=\"243abac\" data-element_type=\"widget\" data-widget_type=\"text-editor.default\">\n\t\t\t\t<div class=\"elementor-widget-container\">\n\t\t\t\t\t\t\t\t\t<h5>Wir bieten unseren Kunden eine breite Palette von Bauleistungen.<br \/>Wir laden Sie ein, sich mit dem vollst\u00e4ndigen Angebot der <b>SAVI GROUP<\/b> vertraut zu machen.<\/h5>\t\t\t\t\t\t\t\t<\/div>\n\t\t\t\t<\/div>\n\t\t\t\t\t<\/div>\n\t\t<\/div>\n\t\t\t\t\t<\/div>\n\t\t<\/section>\n\t\t\t\t<section class=\"elementor-section elementor-top-section elementor-element elementor-element-58e2e27 elementor-section-boxed elementor-section-height-default elementor-section-height-default\" data-id=\"58e2e27\" data-element_type=\"section\" data-settings=\"{&quot;background_background&quot;:&quot;classic&quot;,&quot;shape_divider_top&quot;:&quot;pyramids&quot;,&quot;shape_divider_bottom&quot;:&quot;mountains&quot;}\">\n\t\t\t\t\t\t\t<div class=\"elementor-background-overlay\"><\/div>\n\t\t\t\t\t\t<div class=\"elementor-shape elementor-shape-top\" aria-hidden=\"true\" data-negative=\"false\">\n\t\t\t<svg xmlns=\"http:\/\/www.w3.org\/2000\/svg\" viewBox=\"0 0 1000 100\" preserveAspectRatio=\"none\">\n\t<path class=\"elementor-shape-fill\" d=\"M761.9,44.1L643.1,27.2L333.8,98L0,3.8V0l1000,0v3.9\"\/>\n<\/svg>\t\t<\/div>\n\t\t\t\t<div class=\"elementor-shape elementor-shape-bottom\" aria-hidden=\"true\" data-negative=\"false\">\n\t\t\t<svg xmlns=\"http:\/\/www.w3.org\/2000\/svg\" viewBox=\"0 0 1000 100\" preserveAspectRatio=\"none\">\n\t<path class=\"elementor-shape-fill\" opacity=\"0.33\" d=\"M473,67.3c-203.9,88.3-263.1-34-320.3,0C66,119.1,0,59.7,0,59.7V0h1000v59.7 c0,0-62.1,26.1-94.9,29.3c-32.8,3.3-62.8-12.3-75.8-22.1C806,49.6,745.3,8.7,694.9,4.7S492.4,59,473,67.3z\"\/>\n\t<path class=\"elementor-shape-fill\" opacity=\"0.66\" d=\"M734,67.3c-45.5,0-77.2-23.2-129.1-39.1c-28.6-8.7-150.3-10.1-254,39.1 s-91.7-34.4-149.2,0C115.7,118.3,0,39.8,0,39.8V0h1000v36.5c0,0-28.2-18.5-92.1-18.5C810.2,18.1,775.7,67.3,734,67.3z\"\/>\n\t<path class=\"elementor-shape-fill\" d=\"M766.1,28.9c-200-57.5-266,65.5-395.1,19.5C242,1.8,242,5.4,184.8,20.6C128,35.8,132.3,44.9,89.9,52.5C28.6,63.7,0,0,0,0 h1000c0,0-9.9,40.9-83.6,48.1S829.6,47,766.1,28.9z\"\/>\n<\/svg>\t\t<\/div>\n\t\t\t\t\t<div class=\"elementor-container elementor-column-gap-default\">\n\t\t\t\t\t<div class=\"elementor-column elementor-col-50 elementor-top-column elementor-element elementor-element-3f464af\" data-id=\"3f464af\" data-element_type=\"column\">\n\t\t\t<div class=\"elementor-widget-wrap elementor-element-populated\">\n\t\t\t\t\t\t<div class=\"elementor-element elementor-element-0d1ff5b elementor-widget elementor-widget-spacer\" data-id=\"0d1ff5b\" data-element_type=\"widget\" data-widget_type=\"spacer.default\">\n\t\t\t\t<div class=\"elementor-widget-container\">\n\t\t\t\t\t\t\t<div class=\"elementor-spacer\">\n\t\t\t<div class=\"elementor-spacer-inner\"><\/div>\n\t\t<\/div>\n\t\t\t\t\t\t<\/div>\n\t\t\t\t<\/div>\n\t\t\t\t<div class=\"elementor-element elementor-element-8f09e90 elementor-widget elementor-widget-text-editor\" data-id=\"8f09e90\" data-element_type=\"widget\" data-widget_type=\"text-editor.default\">\n\t\t\t\t<div class=\"elementor-widget-container\">\n\t\t\t\t\t\t\t\t\t<h6><strong>GENERAL\u00dcBERNEHMUNG<\/strong><\/h6><p>Das Ingenieurpersonal der <b>SAVI GROUP<\/b> f\u00fchrt <strong>Bau-, Sanit\u00e4r- und Elektroarbeiten<\/strong> mit Hilfe von Subunternehmern durch. Die langfristige Zusammenarbeit mit vertrauensw\u00fcrdigen und bew\u00e4hrten Subunternehmern erm\u00f6glicht es uns, diversifizierte Projekte von Investoren mit unterschiedlichen finanziellen Aufwendungen zur Umsetzung anzunehmen, wobei wir uns um die <strong>Arbeitsqualit\u00e4t <\/strong>und die <strong>Ausf\u00fchrungszeiten<\/strong> nach Kundenrichtlinien k\u00fcmmern.<\/p><p>Als <strong>GENERAL\u00dcBERNEHMER<\/strong> bieten die Gesellschaften der <b>SAVI GROUP<\/b> folgende:<\/p><ul><li>professionelle Durchf\u00fchrung von Arbeiten in allen Branchen,<\/li><li>Management des Bauprozesses, einschlie\u00dflich branchen\u00fcbergreifender Koordination, Termintreue der Arbeiten, Koordination von Bestellungen und Materiallieferungen,<\/li><li>\u00dcberwachung der Qualit\u00e4t der ausgef\u00fchrten Arbeiten,<\/li><li>Kontrolle der Baukosten sowie Entwurfs- und technische Optimierungen,<\/li><li>Durchf\u00fchrung von Bauarbeiten in \u00dcbereinstimmung mit den geltenden Bestimmungen des Baurechts,<\/li><li>Beachtung der Gesundheits- und Sicherheitsvorschriften bei der Arbeit,<\/li><li>staatliche Teil- und Endabnahme,<\/li><li>Erstellung der Bestandsdokumentation,<\/li><li>Einholung einer Nutzungsgenehmigung.<\/li><\/ul>\t\t\t\t\t\t\t\t<\/div>\n\t\t\t\t<\/div>\n\t\t\t\t\t<\/div>\n\t\t<\/div>\n\t\t\t\t<div class=\"elementor-column elementor-col-50 elementor-top-column elementor-element elementor-element-5fb0727\" data-id=\"5fb0727\" data-element_type=\"column\">\n\t\t\t<div class=\"elementor-widget-wrap elementor-element-populated\">\n\t\t\t\t\t\t<div class=\"elementor-element elementor-element-76a78ad elementor-widget elementor-widget-spacer\" data-id=\"76a78ad\" data-element_type=\"widget\" data-widget_type=\"spacer.default\">\n\t\t\t\t<div class=\"elementor-widget-container\">\n\t\t\t\t\t\t\t<div class=\"elementor-spacer\">\n\t\t\t<div class=\"elementor-spacer-inner\"><\/div>\n\t\t<\/div>\n\t\t\t\t\t\t<\/div>\n\t\t\t\t<\/div>\n\t\t\t\t<div class=\"elementor-element elementor-element-b3b33dc elementor-widget elementor-widget-text-editor\" data-id=\"b3b33dc\" data-element_type=\"widget\" data-widget_type=\"text-editor.default\">\n\t\t\t\t<div class=\"elementor-widget-container\">\n\t\t\t\t\t\t\t\t\t<h6><strong>E<\/strong><strong>NTWERFEN UND BAUEN<\/strong><\/h6><p>Auf Wunsch des Kunden bieten wir auch Dienstleistungen in der Formel <strong>\u201eEntwerfen und Bauen\u201c<\/strong> an und sind eine organisatorische und inhaltliche Unterst\u00fctzung von der ersten Etappe der Investition, wir fokussieren auf die <b>Optimierung von Projekten und Kostensch\u00e4tzungen<\/b>. Der Umfang des \u201eEntwerfen und Bauen\u201c<strong>&#8211;<\/strong>Modus umfasst Dienstleistungen wie:<\/p><ul><li>Entwicklung der Projektdokumentation in \u00dcbereinstimmung mit den Anforderungen des Baurechts und den Grunds\u00e4tzen des technischen Wissens,<\/li><li>Einholung der erforderlichen Gutachten und Vereinbarungen unter Ber\u00fccksichtigung von Bauvorschriften und Normen,<\/li><li>Optimierung von Projekt- und technischen L\u00f6sungen,<\/li><li>Entwicklung eines detaillierten Ausf\u00fchrungsentwurfs f\u00fcr alle Branchen,<\/li><li>Branchen\u00fcbergreifende Koordination des Projekts,<\/li><li>Einholung einer Baugenehmigung.<\/li><\/ul>\t\t\t\t\t\t\t\t<\/div>\n\t\t\t\t<\/div>\n\t\t\t\t\t<\/div>\n\t\t<\/div>\n\t\t\t\t\t<\/div>\n\t\t<\/section>\n\t\t\t\t<section class=\"elementor-section elementor-top-section elementor-element elementor-element-15275274 elementor-section-stretched elementor-section-full_width elementor-section-height-default elementor-section-height-default\" data-id=\"15275274\" data-element_type=\"section\" data-settings=\"{&quot;stretch_section&quot;:&quot;section-stretched&quot;,&quot;background_background&quot;:&quot;classic&quot;}\">\n\t\t\t\t\t\t<div class=\"elementor-container elementor-column-gap-default\">\n\t\t\t\t\t<div class=\"elementor-column elementor-col-100 elementor-top-column elementor-element elementor-element-33fd6bc0\" data-id=\"33fd6bc0\" data-element_type=\"column\">\n\t\t\t<div class=\"elementor-widget-wrap elementor-element-populated\">\n\t\t\t\t\t\t<div class=\"elementor-element elementor-element-7a9ee44e elementor-widget elementor-widget-text-editor\" data-id=\"7a9ee44e\" data-element_type=\"widget\" data-widget_type=\"text-editor.default\">\n\t\t\t\t<div class=\"elementor-widget-container\">\n\t\t\t\t\t\t\t\t\t<p>SAVI GROUP. Alle Rechte an Inhalten, Bilder vorbehalten 2020.<\/p>\t\t\t\t\t\t\t\t<\/div>\n\t\t\t\t<\/div>\n\t\t\t\t\t<\/div>\n\t\t<\/div>\n\t\t\t\t\t<\/div>\n\t\t<\/section>\n\t\t\t\t<\/div>\n\t\t","protected":false},"excerpt":{"rendered":"<p>Wir bieten unseren Kunden eine breite Palette von Bauleistungen.Wir laden Sie ein, sich mit dem vollst\u00e4ndigen Angebot der SAVI GROUP vertraut zu machen. GENERAL\u00dcBERNEHMUNG Das Ingenieurpersonal der SAVI GROUP f\u00fchrt Bau-, Sanit\u00e4r- und Elektroarbeiten mit Hilfe von Subunternehmern durch. Die langfristige Zusammenarbeit mit vertrauensw\u00fcrdigen und bew\u00e4hrten Subunternehmern erm\u00f6glicht es uns, diversifizierte Projekte von Investoren mit [&hellip;]<\/p>\n","protected":false},"author":975900,"featured_media":0,"parent":0,"menu_order":2,"comment_status":"closed","ping_status":"closed","template":"","meta":{"footnotes":""},"class_list":["post-1777","page","type-page","status-publish","hentry"],"_links":{"self":[{"href":"https:\/\/savi.com.pl\/index.php\/wp-json\/wp\/v2\/pages\/1777","targetHints":{"allow":["GET"]}}],"collection":[{"href":"https:\/\/savi.com.pl\/index.php\/wp-json\/wp\/v2\/pages"}],"about":[{"href":"https:\/\/savi.com.pl\/index.php\/wp-json\/wp\/v2\/types\/page"}],"author":[{"embeddable":true,"href":"https:\/\/savi.com.pl\/index.php\/wp-json\/wp\/v2\/users\/975900"}],"replies":[{"embeddable":true,"href":"https:\/\/savi.com.pl\/index.php\/wp-json\/wp\/v2\/comments?post=1777"}],"version-history":[{"count":6,"href":"https:\/\/savi.com.pl\/index.php\/wp-json\/wp\/v2\/pages\/1777\/revisions"}],"predecessor-version":[{"id":2202,"href":"https:\/\/savi.com.pl\/index.php\/wp-json\/wp\/v2\/pages\/1777\/revisions\/2202"}],"wp:attachment":[{"href":"https:\/\/savi.com.pl\/index.php\/wp-json\/wp\/v2\/media?parent=1777"}],"curies":[{"name":"wp","href":"https:\/\/api.w.org\/{rel}","templated":true}]}}