{"id":1766,"date":"2021-03-28T23:00:48","date_gmt":"2021-03-28T21:00:48","guid":{"rendered":"http:\/\/savi.com.pl\/?page_id=1766"},"modified":"2021-04-10T18:50:13","modified_gmt":"2021-04-10T16:50:13","slug":"o-nas-de","status":"publish","type":"page","link":"https:\/\/savi.com.pl\/index.php\/de\/o-nas-de\/","title":{"rendered":"O nas DE"},"content":{"rendered":"\t\t<div data-elementor-type=\"wp-post\" data-elementor-id=\"1766\" class=\"elementor elementor-1766\" data-elementor-post-type=\"page\">\n\t\t\t\t\t\t<section class=\"elementor-section elementor-top-section elementor-element elementor-element-d205d28 elementor-section-boxed elementor-section-height-default elementor-section-height-default\" data-id=\"d205d28\" data-element_type=\"section\">\n\t\t\t\t\t\t<div class=\"elementor-container elementor-column-gap-default\">\n\t\t\t\t\t<div class=\"elementor-column elementor-col-100 elementor-top-column elementor-element elementor-element-17663aa\" data-id=\"17663aa\" data-element_type=\"column\">\n\t\t\t<div class=\"elementor-widget-wrap elementor-element-populated\">\n\t\t\t\t\t\t<div class=\"elementor-element elementor-element-f244606 elementor-widget elementor-widget-image\" data-id=\"f244606\" data-element_type=\"widget\" data-widget_type=\"image.default\">\n\t\t\t\t<div class=\"elementor-widget-container\">\n\t\t\t\t\t\t\t\t\t\t\t\t\t\t\t<img decoding=\"async\" src=\"https:\/\/savi.com.pl\/wp-content\/uploads\/elementor\/thumbs\/sav-p5ffp6dv814gnpo48qpyhkfcvu9shiiez1ylx2ugh4.png\" title=\"sav\" alt=\"sav\" loading=\"lazy\" \/>\t\t\t\t\t\t\t\t\t\t\t\t\t\t\t<\/div>\n\t\t\t\t<\/div>\n\t\t\t\t<div class=\"elementor-element elementor-element-243abac elementor-widget elementor-widget-text-editor\" data-id=\"243abac\" data-element_type=\"widget\" data-widget_type=\"text-editor.default\">\n\t\t\t\t<div class=\"elementor-widget-container\">\n\t\t\t\t\t\t\t\t\t<h4>Die Gesellschaften der SAVI GROUP bilden eine Baugruppe, die sich mit der <strong>General\u00fcbernehmung von Kubaturinvestitionen<\/strong> besch\u00e4ftigt.<\/h4><h6>\u00a0<\/h6>\t\t\t\t\t\t\t\t<\/div>\n\t\t\t\t<\/div>\n\t\t\t\t\t<\/div>\n\t\t<\/div>\n\t\t\t\t\t<\/div>\n\t\t<\/section>\n\t\t\t\t<section class=\"elementor-section elementor-top-section elementor-element elementor-element-58e2e27 elementor-section-boxed elementor-section-height-default elementor-section-height-default\" data-id=\"58e2e27\" data-element_type=\"section\" data-settings=\"{&quot;background_background&quot;:&quot;classic&quot;,&quot;shape_divider_top&quot;:&quot;pyramids&quot;,&quot;shape_divider_bottom&quot;:&quot;pyramids&quot;,&quot;background_motion_fx_motion_fx_scrolling&quot;:&quot;yes&quot;,&quot;background_motion_fx_translateY_effect&quot;:&quot;yes&quot;,&quot;background_motion_fx_translateY_speed&quot;:{&quot;unit&quot;:&quot;px&quot;,&quot;size&quot;:4,&quot;sizes&quot;:[]},&quot;background_motion_fx_translateY_affectedRange&quot;:{&quot;unit&quot;:&quot;%&quot;,&quot;size&quot;:&quot;&quot;,&quot;sizes&quot;:{&quot;start&quot;:0,&quot;end&quot;:100}},&quot;background_motion_fx_devices&quot;:[&quot;desktop&quot;,&quot;tablet&quot;,&quot;mobile&quot;]}\">\n\t\t\t\t\t\t\t<div class=\"elementor-background-overlay\"><\/div>\n\t\t\t\t\t\t<div class=\"elementor-shape elementor-shape-top\" aria-hidden=\"true\" data-negative=\"false\">\n\t\t\t<svg xmlns=\"http:\/\/www.w3.org\/2000\/svg\" viewBox=\"0 0 1000 100\" preserveAspectRatio=\"none\">\n\t<path class=\"elementor-shape-fill\" d=\"M761.9,44.1L643.1,27.2L333.8,98L0,3.8V0l1000,0v3.9\"\/>\n<\/svg>\t\t<\/div>\n\t\t\t\t<div class=\"elementor-shape elementor-shape-bottom\" aria-hidden=\"true\" data-negative=\"false\">\n\t\t\t<svg xmlns=\"http:\/\/www.w3.org\/2000\/svg\" viewBox=\"0 0 1000 100\" preserveAspectRatio=\"none\">\n\t<path class=\"elementor-shape-fill\" d=\"M761.9,44.1L643.1,27.2L333.8,98L0,3.8V0l1000,0v3.9\"\/>\n<\/svg>\t\t<\/div>\n\t\t\t\t\t<div class=\"elementor-container elementor-column-gap-default\">\n\t\t\t\t\t<div class=\"elementor-column elementor-col-50 elementor-top-column elementor-element elementor-element-3f464af\" data-id=\"3f464af\" data-element_type=\"column\">\n\t\t\t<div class=\"elementor-widget-wrap elementor-element-populated\">\n\t\t\t\t\t\t<div class=\"elementor-element elementor-element-0d1ff5b elementor-widget elementor-widget-spacer\" data-id=\"0d1ff5b\" data-element_type=\"widget\" data-widget_type=\"spacer.default\">\n\t\t\t\t<div class=\"elementor-widget-container\">\n\t\t\t\t\t\t\t<div class=\"elementor-spacer\">\n\t\t\t<div class=\"elementor-spacer-inner\"><\/div>\n\t\t<\/div>\n\t\t\t\t\t\t<\/div>\n\t\t\t\t<\/div>\n\t\t\t\t<div class=\"elementor-element elementor-element-8f09e90 elementor-widget elementor-widget-text-editor\" data-id=\"8f09e90\" data-element_type=\"widget\" data-widget_type=\"text-editor.default\">\n\t\t\t\t<div class=\"elementor-widget-container\">\n\t\t\t\t\t\t\t\t\t<p>Die Gesellschaften der <strong>SAVI GROUP<\/strong> bilden eine Baugruppe, die sich mit der <strong>General\u00fcbernehmung von Kubaturinvestitionen<\/strong> besch\u00e4ftigt. Wir bieten unseren Kunden umfassende Dienstleistungen in jeder Phase des Investitionsprozesses: von der Konzeption der Investition \u00fcber die Ausf\u00fchrung des Rohzustandes bis hin zur kompletten Fertigstellung der Objekte \u201eschl\u00fcsselfertig\u201c und der Endabnahme.<\/p><p>Seit \u00fcber 15 Jahren entwickeln wir unser Ausf\u00fchrungspotenzial, wodurch wir unseren Kunden spezialisierte, umfassende Dienstleistungen im Bereich der allgemeinen <strong>Bau-, Installations- und Projektarbeiten f\u00fcr alle Branchen<\/strong> anbieten k\u00f6nnen.<\/p><p>Insbesondere f\u00fchren wir Dienstleistungen im untenstehenden Bereichen aus :<\/p><ul><li>Bau von <strong>Handels- Gewerbe- und Dienstleistungseinrichtungen<\/strong> (Einkaufszentren, Superm\u00e4rkte, Restaurants, B\u00fcrofl\u00e4chen, Ausstellungsr\u00e4ume und Banken),<\/li><li>Renovierung, Umbau, Ausbau von <b>Gesch\u00e4fts- Industrie- und Dienstleistungsgeb\u00e4uden<\/b> (Einkaufszentren, Gesch\u00e4fte, Mietsh\u00e4user, Hallen),<\/li><li>Anpassung von Fl\u00e4chen (fit-out) in bestehenden Objekten, insbesondere in B\u00fcrogeb\u00e4uden und Einkaufszentren,<\/li><li>Bau von Handelsobjekten im System \u201e<strong>Entwerfen und Bauen<\/strong>\u201c.<\/li><\/ul>\t\t\t\t\t\t\t\t<\/div>\n\t\t\t\t<\/div>\n\t\t\t\t<div class=\"elementor-element elementor-element-ffafa40 elementor-widget elementor-widget-image\" data-id=\"ffafa40\" data-element_type=\"widget\" data-widget_type=\"image.default\">\n\t\t\t\t<div class=\"elementor-widget-container\">\n\t\t\t\t\t\t\t\t\t\t\t\t\t\t\t<img fetchpriority=\"high\" decoding=\"async\" width=\"800\" height=\"534\" src=\"https:\/\/savi.com.pl\/wp-content\/uploads\/dolacz-do-zespolu-820x0-1.jpg\" class=\"attachment-large size-large wp-image-1485\" alt=\"\" srcset=\"https:\/\/savi.com.pl\/wp-content\/uploads\/dolacz-do-zespolu-820x0-1.jpg 800w, https:\/\/savi.com.pl\/wp-content\/uploads\/dolacz-do-zespolu-820x0-1-600x401.jpg 600w, https:\/\/savi.com.pl\/wp-content\/uploads\/dolacz-do-zespolu-820x0-1-500x334.jpg 500w, https:\/\/savi.com.pl\/wp-content\/uploads\/dolacz-do-zespolu-820x0-1-768x513.jpg 768w\" sizes=\"(max-width: 800px) 100vw, 800px\" \/>\t\t\t\t\t\t\t\t\t\t\t\t\t\t\t<\/div>\n\t\t\t\t<\/div>\n\t\t\t\t\t<\/div>\n\t\t<\/div>\n\t\t\t\t<div class=\"elementor-column elementor-col-50 elementor-top-column elementor-element elementor-element-5fb0727\" data-id=\"5fb0727\" data-element_type=\"column\">\n\t\t\t<div class=\"elementor-widget-wrap elementor-element-populated\">\n\t\t\t\t\t\t<div class=\"elementor-element elementor-element-76a78ad elementor-widget elementor-widget-spacer\" data-id=\"76a78ad\" data-element_type=\"widget\" data-widget_type=\"spacer.default\">\n\t\t\t\t<div class=\"elementor-widget-container\">\n\t\t\t\t\t\t\t<div class=\"elementor-spacer\">\n\t\t\t<div class=\"elementor-spacer-inner\"><\/div>\n\t\t<\/div>\n\t\t\t\t\t\t<\/div>\n\t\t\t\t<\/div>\n\t\t\t\t<div class=\"elementor-element elementor-element-abd537e elementor-widget elementor-widget-text-editor\" data-id=\"abd537e\" data-element_type=\"widget\" data-widget_type=\"text-editor.default\">\n\t\t\t\t<div class=\"elementor-widget-container\">\n\t\t\t\t\t\t\t\t\t<p>Wir verf\u00fcgen \u00fcber ein <b>erfahrenes und gutes Team von Mitarbeitern<\/b>, dank dem wir eine Umgebung schaffen, die eine stabile und kontinuierliche Entwicklung erm\u00f6glicht. Wir achten auf den hohen Wissensstand unseres Personals und Mitarbeiter, den richtigen Informationsfluss und die Kultur des Unternehmens. Wir f\u00fchren <b>Optimierungsprozesse<\/b> ein, um unsere Organisationsstruktur, die Qualit\u00e4t der Dienstleistungen sowie die technischen und finanziellen L\u00f6sungen f\u00fcr unsere Kunden zu verbessern.<\/p><p>Wir f\u00f6rdern die <b>Atmosph\u00e4re der kreativen und produktiven Arbeit<\/b>, behandeln unsere Mitarbeiter, Kunden, Subunternehmer und Lieferanten fair und ehrlich und zeigen ihnen Vertrauen und Respekt. Wir wissen, dass wir nur durch die sorgf\u00e4ltige Zusammenarbeit aller Beteiligten ein gemeinsames Ziel erreichen k\u00f6nnen: <b>das Projekt termingerecht, in \u00dcbereinstimmung mit der Baukunst und der angenommenen finanziellen Vorausschau abzuschlie\u00dfen<\/b>.<\/p><p>Derzeit besch\u00e4ftigt das Unternehmen <b>Ingenieure, Kostenplaner und Spezialisten in den Bereichen Verwaltung, Buchhaltung und Recht<\/b>.<span style=\"font-size: 1rem;\">Die Gesellschaften der <b>SAVI GROUP<\/b> bieten auch \u00a0die M\u00f6glichkeit, die notwendige Erfahrung zu sammeln, um <b>Bauberechtigungen<\/b> zu erhalten.<\/span><\/p><p>\u00a0<\/p><p>\u00a0<\/p><p>\u00a0<\/p><p><b>Die Bed\u00fcrfnisse unserer Kunden stehen bei uns im Vordergrund, zusammen mit ihnen suchen wir nach Sonderl\u00f6sungen, wir reagieren sofort auf Kundenfeedback und helfen ihnen, in ihren Gesch\u00e4ftsvorhaben erfolgreich zu sein.<\/b><\/p><p><span style=\"font-size: 1rem;\">\u00a0<\/span><\/p><p><span style=\"font-size: 1rem;\">\u00a0<\/span><\/p>\t\t\t\t\t\t\t\t<\/div>\n\t\t\t\t<\/div>\n\t\t\t\t\t<\/div>\n\t\t<\/div>\n\t\t\t\t\t<\/div>\n\t\t<\/section>\n\t\t\t\t<section class=\"elementor-section elementor-top-section elementor-element elementor-element-298b87a elementor-section-boxed elementor-section-height-default elementor-section-height-default\" data-id=\"298b87a\" data-element_type=\"section\">\n\t\t\t\t\t\t<div class=\"elementor-container elementor-column-gap-default\">\n\t\t\t\t\t<div class=\"elementor-column elementor-col-100 elementor-top-column elementor-element elementor-element-378b836\" data-id=\"378b836\" data-element_type=\"column\">\n\t\t\t<div class=\"elementor-widget-wrap elementor-element-populated\">\n\t\t\t\t\t\t<div class=\"elementor-element elementor-element-6b3020e elementor-widget elementor-widget-text-editor\" data-id=\"6b3020e\" data-element_type=\"widget\" data-widget_type=\"text-editor.default\">\n\t\t\t\t<div class=\"elementor-widget-container\">\n\t\t\t\t\t\t\t\t\t<p>\u00dcber 15 Jahre T\u00e4tigkeit der Gesellschaften der SAVI GROUP in der technischen und Baubranche ist eine Zeit der kontinuierlichen Diversifizierung des Kundenportfolios und der Entwicklung und Erweiterung des Dienstleistungsangebots.<\/p><p>Im Jahr 2005 wurde die Gesellschaft SAVI Inwestycje Sp. z o.o. gegr\u00fcndet, die als <b>General\u00fcbernehmer <\/b>schnell mehrere hundert Objekte von Bankfilialen im Bereich der Bau-, Sanit\u00e4r- und Elektroarbeiten fertigstellte.<\/p><p>Im Jahr 2009 wurde die Gesellschaft SAVI Sp. z o.o. gegr\u00fcndet und im Jahr 2016 die SAVI Sp. z o.o. Sp. K.<\/p><p>Seitdem f\u00fchren wir komplexe Bauobjekte im System der <b>General\u00fcbernehmung <\/b>durch.<\/p><p>Die Gr\u00f6\u00dfe der fertiggestellten Objekte beinhaltet Investitionen in verschiedenen Gr\u00f6\u00dfenordnungen (durchschnittlich ab ca. 0,5 bis 30 Mio. PLN) f\u00fcr Gesch\u00e4ftskettenkunden und Einzelkunden der Privatwirtschaft.<\/p><p>Zu den Kunden der SAVI GROUP geh\u00f6ren vor allem Investoren aus der Handels-, B\u00fcro-, Finanz- und Gastronomiebranche, f\u00fcr die Kubaturobjekte realisiert werden, wobei die SAVI GROUP die Funktionen des <b>General\u00fcbernehmers <\/b>\u00fcbernimmt. In allen F\u00e4llen ist die SAVI GROUP bestrebt, langfristige Kooperationen zu kn\u00fcpfen, indem sie ihren Kunden eine hohe Qualit\u00e4t der Arbeiten, Termintreue und die Einhaltung der Investorenstandards bietet.<\/p><p><b>Investoren k\u00f6nnen sich per E-Mail oder Telefon an uns wenden.\u00a0 Angebotsanfragen und Ausschreibungen sowie individuelle Unterlagen zu einer Investition an die E-Mail-Adresse <a href=\"mailto:savi@savi.com.pl\">savi@savi.com.pl<\/a> gesendet werden sollten.<\/b><\/p><p>Im Zusammenhang mit der Durchf\u00fchrung der meisten Investitionen f\u00fcr Gesch\u00e4ftskettenkunden sind unsere Baustellen in ganz Polen verteilt. Neben Subunternehmern, mit denen wir eine langfristige Zusammenarbeit aufgebaut haben, sind wir st\u00e4ndig auf der Suche nach lokalen Bau- und Installationsfirmen, die ihre Baut\u00e4tigkeit in unmittelbarer N\u00e4he zum Standort der Projekte f\u00fchren.<\/p><p><b>Unternehmen, die an der Zusammenarbeit interessiert sind, k\u00f6nnen sich gerne per E-Mail oder Telefon an uns wenden.<\/b><\/p>\t\t\t\t\t\t\t\t<\/div>\n\t\t\t\t<\/div>\n\t\t\t\t\t<\/div>\n\t\t<\/div>\n\t\t\t\t\t<\/div>\n\t\t<\/section>\n\t\t\t\t<section class=\"elementor-section elementor-top-section elementor-element elementor-element-15275274 elementor-section-stretched elementor-section-full_width elementor-section-height-default elementor-section-height-default\" data-id=\"15275274\" data-element_type=\"section\" data-settings=\"{&quot;stretch_section&quot;:&quot;section-stretched&quot;,&quot;background_background&quot;:&quot;classic&quot;}\">\n\t\t\t\t\t\t<div class=\"elementor-container elementor-column-gap-default\">\n\t\t\t\t\t<div class=\"elementor-column elementor-col-100 elementor-top-column elementor-element elementor-element-33fd6bc0\" data-id=\"33fd6bc0\" data-element_type=\"column\">\n\t\t\t<div class=\"elementor-widget-wrap elementor-element-populated\">\n\t\t\t\t\t\t<div class=\"elementor-element elementor-element-7a9ee44e elementor-widget elementor-widget-text-editor\" data-id=\"7a9ee44e\" data-element_type=\"widget\" data-widget_type=\"text-editor.default\">\n\t\t\t\t<div class=\"elementor-widget-container\">\n\t\t\t\t\t\t\t\t\t<p>SAVI GROUP. Alle Rechte an Inhalten, Bilder vorbehalten 2020.<\/p>\t\t\t\t\t\t\t\t<\/div>\n\t\t\t\t<\/div>\n\t\t\t\t\t<\/div>\n\t\t<\/div>\n\t\t\t\t\t<\/div>\n\t\t<\/section>\n\t\t\t\t<\/div>\n\t\t","protected":false},"excerpt":{"rendered":"<p>Die Gesellschaften der SAVI GROUP bilden eine Baugruppe, die sich mit der General\u00fcbernehmung von Kubaturinvestitionen besch\u00e4ftigt. \u00a0 Die Gesellschaften der SAVI GROUP bilden eine Baugruppe, die sich mit der General\u00fcbernehmung von Kubaturinvestitionen besch\u00e4ftigt. Wir bieten unseren Kunden umfassende Dienstleistungen in jeder Phase des Investitionsprozesses: von der Konzeption der Investition \u00fcber die Ausf\u00fchrung des Rohzustandes bis [&hellip;]<\/p>\n","protected":false},"author":975900,"featured_media":0,"parent":0,"menu_order":2,"comment_status":"closed","ping_status":"closed","template":"","meta":{"footnotes":""},"class_list":["post-1766","page","type-page","status-publish","hentry"],"_links":{"self":[{"href":"https:\/\/savi.com.pl\/index.php\/wp-json\/wp\/v2\/pages\/1766","targetHints":{"allow":["GET"]}}],"collection":[{"href":"https:\/\/savi.com.pl\/index.php\/wp-json\/wp\/v2\/pages"}],"about":[{"href":"https:\/\/savi.com.pl\/index.php\/wp-json\/wp\/v2\/types\/page"}],"author":[{"embeddable":true,"href":"https:\/\/savi.com.pl\/index.php\/wp-json\/wp\/v2\/users\/975900"}],"replies":[{"embeddable":true,"href":"https:\/\/savi.com.pl\/index.php\/wp-json\/wp\/v2\/comments?post=1766"}],"version-history":[{"count":10,"href":"https:\/\/savi.com.pl\/index.php\/wp-json\/wp\/v2\/pages\/1766\/revisions"}],"predecessor-version":[{"id":2192,"href":"https:\/\/savi.com.pl\/index.php\/wp-json\/wp\/v2\/pages\/1766\/revisions\/2192"}],"wp:attachment":[{"href":"https:\/\/savi.com.pl\/index.php\/wp-json\/wp\/v2\/media?parent=1766"}],"curies":[{"name":"wp","href":"https:\/\/api.w.org\/{rel}","templated":true}]}}