{"id":1763,"date":"2021-03-28T22:58:22","date_gmt":"2021-03-28T20:58:22","guid":{"rendered":"http:\/\/savi.com.pl\/?page_id=1763"},"modified":"2021-03-28T22:58:48","modified_gmt":"2021-03-28T20:58:48","slug":"finansowanie-ru","status":"publish","type":"page","link":"https:\/\/savi.com.pl\/index.php\/ru\/finansowanie-ru\/","title":{"rendered":"Finansowanie RU"},"content":{"rendered":"\t\t<div data-elementor-type=\"wp-page\" data-elementor-id=\"1763\" class=\"elementor elementor-1763\" data-elementor-post-type=\"page\">\n\t\t\t\t\t\t<section class=\"elementor-section elementor-top-section elementor-element elementor-element-387c2cc elementor-section-boxed elementor-section-height-default elementor-section-height-default\" data-id=\"387c2cc\" data-element_type=\"section\">\n\t\t\t\t\t\t<div class=\"elementor-container elementor-column-gap-default\">\n\t\t\t\t\t<div class=\"elementor-column elementor-col-100 elementor-top-column elementor-element elementor-element-21e280c\" data-id=\"21e280c\" data-element_type=\"column\">\n\t\t\t<div class=\"elementor-widget-wrap elementor-element-populated\">\n\t\t\t\t\t\t<div class=\"elementor-element elementor-element-38217c4 elementor-widget elementor-widget-text-editor\" data-id=\"38217c4\" data-element_type=\"widget\" data-widget_type=\"text-editor.default\">\n\t\t\t\t<div class=\"elementor-widget-container\">\n\t\t\t\t\t\t\t\t\t<p>\u0418\u043d\u0444\u043e\u0440\u043c\u0438\u0440\u0443\u0435\u043c \u043e \u0442\u043e\u043c, \u0447\u0442\u043e \u0432 \u0440\u0430\u043c\u043a\u0430\u0445 \u043f\u043e\u0434\u043c\u0435\u0440\u044b 3.4 \u0421\u0443\u0431\u0441\u0438\u0434\u0438\u0438\u00a0\u043e\u0431\u043e\u0440\u043e\u0442\u043d\u043e\u0433\u043e \u043a\u0430\u043f\u0438\u0442\u0430\u043b\u0430 \u041e\u043f\u0435\u0440\u0430\u0446\u0438\u043e\u043d\u043d\u043e\u0439 \u043f\u0440\u043e\u0433\u0440\u0430\u043c\u043c\u044b\u00a0\u0418\u043d\u0442\u0435\u043b\u043b\u0435\u043a\u0442\u0443\u0430\u043b\u044c\u043d\u043e\u0435 \u0440\u0430\u0437\u0432\u0438\u0442\u0438\u0435 \u043d\u0430\u00a02014\u20132020 \u0433\u043e\u0434\u044b, \u0441\u043e\u0444\u0438\u043d\u0430\u043d\u0441\u0438\u0440\u0443\u0435\u043c\u043e\u0439 \u0415\u0432\u0440\u043e\u043f\u0435\u0439\u0441\u043a\u0438\u043c \u0444\u043e\u043d\u0434\u043e\u043c \u0440\u0435\u0433\u0438\u043e\u043d\u0430\u043b\u044c\u043d\u043e\u0433\u043e\u00a0\u0440\u0430\u0437\u0432\u0438\u0442\u0438\u044f, \u043a\u043e\u043c\u043f\u0430\u043d\u0438\u0438, \u0432\u0445\u043e\u0434\u044f\u0449\u0438\u0435 \u0432 \u0441\u043e\u0441\u0442\u0430\u0432 \u0433\u0440\u0443\u043f\u043f\u044b SAVI, \u043f\u043e\u043b\u0443\u0447\u0438\u043b\u0438 \u0432 2020 \u0433\u043e\u0434\u0443 \u0441\u043e\u0444\u0438\u043d\u0430\u043d\u0441\u0438\u0440\u043e\u0432\u0430\u043d\u0438\u0435 \u0432 \u0444\u043e\u0440\u043c\u0435 \u0441\u0443\u0431\u0441\u0438\u0434\u0438\u0438 \u043e\u0431\u043e\u0440\u043e\u0442\u043d\u043e\u0433\u043e \u043a\u0430\u043f\u0438\u0442\u0430\u043b\u0430.<\/p><p>\u0420\u0430\u0437\u043c\u0435\u0440 \u0441\u0443\u0431\u0441\u0438\u0434\u0438\u0438 \u0434\u043b\u044f Savi Sp. z o.o. \u0441\u043e\u0441\u0442\u0430\u0432\u0438\u043b 74 976 \u0437\u043b\u043e\u0442\u044b\u0445.<\/p><p>\u00a0<\/p><p>\u0420\u0430\u0437\u043c\u0435\u0440 \u0441\u0443\u0431\u0441\u0438\u0434\u0438\u0438 \u0434\u043b\u044f Savi Sp\u00f3\u0142ka z ograniczon\u0105 odpowiedzialno\u015bci\u0105 Sp. \u041a. \u0441\u043e\u0441\u0442\u0430\u0432\u0438\u043b 32 465,55 \u0437\u043b\u043e\u0442\u044b\u0445.<\/p><p>\u00a0<\/p><p>\u0420\u0430\u0437\u043c\u0435\u0440 \u0441\u0443\u0431\u0441\u0438\u0434\u0438\u0438 \u0434\u043b\u044f Savi Blue Sp. z o.o. \u0441\u043e\u0441\u0442\u0430\u0432\u0438\u043b 45 054,96 \u0437\u043b\u043e\u0442\u044b\u0445.<\/p>\t\t\t\t\t\t\t\t<\/div>\n\t\t\t\t<\/div>\n\t\t\t\t\t<\/div>\n\t\t<\/div>\n\t\t\t\t\t<\/div>\n\t\t<\/section>\n\t\t\t\t<\/div>\n\t\t","protected":false},"excerpt":{"rendered":"<p>\u0418\u043d\u0444\u043e\u0440\u043c\u0438\u0440\u0443\u0435\u043c \u043e \u0442\u043e\u043c, \u0447\u0442\u043e \u0432 \u0440\u0430\u043c\u043a\u0430\u0445 \u043f\u043e\u0434\u043c\u0435\u0440\u044b 3.4 \u0421\u0443\u0431\u0441\u0438\u0434\u0438\u0438\u00a0\u043e\u0431\u043e\u0440\u043e\u0442\u043d\u043e\u0433\u043e \u043a\u0430\u043f\u0438\u0442\u0430\u043b\u0430 \u041e\u043f\u0435\u0440\u0430\u0446\u0438\u043e\u043d\u043d\u043e\u0439 \u043f\u0440\u043e\u0433\u0440\u0430\u043c\u043c\u044b\u00a0\u0418\u043d\u0442\u0435\u043b\u043b\u0435\u043a\u0442\u0443\u0430\u043b\u044c\u043d\u043e\u0435 \u0440\u0430\u0437\u0432\u0438\u0442\u0438\u0435 \u043d\u0430\u00a02014\u20132020 \u0433\u043e\u0434\u044b, \u0441\u043e\u0444\u0438\u043d\u0430\u043d\u0441\u0438\u0440\u0443\u0435\u043c\u043e\u0439 \u0415\u0432\u0440\u043e\u043f\u0435\u0439\u0441\u043a\u0438\u043c \u0444\u043e\u043d\u0434\u043e\u043c \u0440\u0435\u0433\u0438\u043e\u043d\u0430\u043b\u044c\u043d\u043e\u0433\u043e\u00a0\u0440\u0430\u0437\u0432\u0438\u0442\u0438\u044f, \u043a\u043e\u043c\u043f\u0430\u043d\u0438\u0438, \u0432\u0445\u043e\u0434\u044f\u0449\u0438\u0435 \u0432 \u0441\u043e\u0441\u0442\u0430\u0432 \u0433\u0440\u0443\u043f\u043f\u044b SAVI, \u043f\u043e\u043b\u0443\u0447\u0438\u043b\u0438 \u0432 2020 \u0433\u043e\u0434\u0443 \u0441\u043e\u0444\u0438\u043d\u0430\u043d\u0441\u0438\u0440\u043e\u0432\u0430\u043d\u0438\u0435 \u0432 \u0444\u043e\u0440\u043c\u0435 \u0441\u0443\u0431\u0441\u0438\u0434\u0438\u0438 \u043e\u0431\u043e\u0440\u043e\u0442\u043d\u043e\u0433\u043e \u043a\u0430\u043f\u0438\u0442\u0430\u043b\u0430. \u0420\u0430\u0437\u043c\u0435\u0440 \u0441\u0443\u0431\u0441\u0438\u0434\u0438\u0438 \u0434\u043b\u044f Savi Sp. z o.o. \u0441\u043e\u0441\u0442\u0430\u0432\u0438\u043b 74 976 \u0437\u043b\u043e\u0442\u044b\u0445. \u00a0 \u0420\u0430\u0437\u043c\u0435\u0440 \u0441\u0443\u0431\u0441\u0438\u0434\u0438\u0438 \u0434\u043b\u044f Savi Sp\u00f3\u0142ka z ograniczon\u0105 odpowiedzialno\u015bci\u0105 [&hellip;]<\/p>\n","protected":false},"author":975900,"featured_media":0,"parent":0,"menu_order":0,"comment_status":"closed","ping_status":"closed","template":"","meta":{"footnotes":""},"class_list":["post-1763","page","type-page","status-publish","hentry"],"_links":{"self":[{"href":"https:\/\/savi.com.pl\/index.php\/wp-json\/wp\/v2\/pages\/1763","targetHints":{"allow":["GET"]}}],"collection":[{"href":"https:\/\/savi.com.pl\/index.php\/wp-json\/wp\/v2\/pages"}],"about":[{"href":"https:\/\/savi.com.pl\/index.php\/wp-json\/wp\/v2\/types\/page"}],"author":[{"embeddable":true,"href":"https:\/\/savi.com.pl\/index.php\/wp-json\/wp\/v2\/users\/975900"}],"replies":[{"embeddable":true,"href":"https:\/\/savi.com.pl\/index.php\/wp-json\/wp\/v2\/comments?post=1763"}],"version-history":[{"count":2,"href":"https:\/\/savi.com.pl\/index.php\/wp-json\/wp\/v2\/pages\/1763\/revisions"}],"predecessor-version":[{"id":1765,"href":"https:\/\/savi.com.pl\/index.php\/wp-json\/wp\/v2\/pages\/1763\/revisions\/1765"}],"wp:attachment":[{"href":"https:\/\/savi.com.pl\/index.php\/wp-json\/wp\/v2\/media?parent=1763"}],"curies":[{"name":"wp","href":"https:\/\/api.w.org\/{rel}","templated":true}]}}