{"id":1760,"date":"2021-03-28T22:57:28","date_gmt":"2021-03-28T20:57:28","guid":{"rendered":"http:\/\/savi.com.pl\/?page_id=1760"},"modified":"2021-03-28T22:57:50","modified_gmt":"2021-03-28T20:57:50","slug":"finansowanie-en","status":"publish","type":"page","link":"https:\/\/savi.com.pl\/index.php\/en\/finansowanie-en\/","title":{"rendered":"Finansowanie EN"},"content":{"rendered":"\t\t<div data-elementor-type=\"wp-page\" data-elementor-id=\"1760\" class=\"elementor elementor-1760\" data-elementor-post-type=\"page\">\n\t\t\t\t\t\t<section class=\"elementor-section elementor-top-section elementor-element elementor-element-387c2cc elementor-section-boxed elementor-section-height-default elementor-section-height-default\" data-id=\"387c2cc\" data-element_type=\"section\">\n\t\t\t\t\t\t<div class=\"elementor-container elementor-column-gap-default\">\n\t\t\t\t\t<div class=\"elementor-column elementor-col-100 elementor-top-column elementor-element elementor-element-21e280c\" data-id=\"21e280c\" data-element_type=\"column\">\n\t\t\t<div class=\"elementor-widget-wrap elementor-element-populated\">\n\t\t\t\t\t\t<div class=\"elementor-element elementor-element-38217c4 elementor-widget elementor-widget-text-editor\" data-id=\"38217c4\" data-element_type=\"widget\" data-widget_type=\"text-editor.default\">\n\t\t\t\t<div class=\"elementor-widget-container\">\n\t\t\t\t\t\t\t\t\t<p>Please be advised that under measure 3.4 Working capital subsidies of the Intelligent Development Operational Program 2014-2020 co-financed by the European Regional Development Fund, companies operating in the SAVI group received in 2020 co-financing in the form of working capital subsidy.<\/p><p>The value of the subsidy for Savi Sp. z o.o. was 74,976.00 PLN.<\/p><p>The value of the subsidy for Savi Sp\u00f3\u0142ka z ograniczon\u0105 odpowiedzialno\u015bci\u0105 Sp. K. was 32,465.55 PLN.<\/p><p>The value of the subsidy for Savi Blue Sp. z o.o. was 45,054.96 PLN.<\/p>\t\t\t\t\t\t\t\t<\/div>\n\t\t\t\t<\/div>\n\t\t\t\t\t<\/div>\n\t\t<\/div>\n\t\t\t\t\t<\/div>\n\t\t<\/section>\n\t\t\t\t<\/div>\n\t\t","protected":false},"excerpt":{"rendered":"<p>Please be advised that under measure 3.4 Working capital subsidies of the Intelligent Development Operational Program 2014-2020 co-financed by the European Regional Development Fund, companies operating in the SAVI group received in 2020 co-financing in the form of working capital subsidy. The value of the subsidy for Savi Sp. z o.o. was 74,976.00 PLN. The [&hellip;]<\/p>\n","protected":false},"author":975900,"featured_media":0,"parent":0,"menu_order":0,"comment_status":"closed","ping_status":"closed","template":"","meta":{"footnotes":""},"class_list":["post-1760","page","type-page","status-publish","hentry"],"_links":{"self":[{"href":"https:\/\/savi.com.pl\/index.php\/wp-json\/wp\/v2\/pages\/1760","targetHints":{"allow":["GET"]}}],"collection":[{"href":"https:\/\/savi.com.pl\/index.php\/wp-json\/wp\/v2\/pages"}],"about":[{"href":"https:\/\/savi.com.pl\/index.php\/wp-json\/wp\/v2\/types\/page"}],"author":[{"embeddable":true,"href":"https:\/\/savi.com.pl\/index.php\/wp-json\/wp\/v2\/users\/975900"}],"replies":[{"embeddable":true,"href":"https:\/\/savi.com.pl\/index.php\/wp-json\/wp\/v2\/comments?post=1760"}],"version-history":[{"count":2,"href":"https:\/\/savi.com.pl\/index.php\/wp-json\/wp\/v2\/pages\/1760\/revisions"}],"predecessor-version":[{"id":1762,"href":"https:\/\/savi.com.pl\/index.php\/wp-json\/wp\/v2\/pages\/1760\/revisions\/1762"}],"wp:attachment":[{"href":"https:\/\/savi.com.pl\/index.php\/wp-json\/wp\/v2\/media?parent=1760"}],"curies":[{"name":"wp","href":"https:\/\/api.w.org\/{rel}","templated":true}]}}