{"id":1599,"date":"2021-03-01T03:55:00","date_gmt":"2021-03-01T02:55:00","guid":{"rendered":"http:\/\/savi.com.pl\/?page_id=1599"},"modified":"2021-04-07T12:10:35","modified_gmt":"2021-04-07T10:10:35","slug":"finansowanie","status":"publish","type":"page","link":"https:\/\/savi.com.pl\/index.php\/finansowanie\/","title":{"rendered":"finansowanie"},"content":{"rendered":"\t\t<div data-elementor-type=\"wp-page\" data-elementor-id=\"1599\" class=\"elementor elementor-1599\" data-elementor-post-type=\"page\">\n\t\t\t\t\t\t<section class=\"elementor-section elementor-top-section elementor-element elementor-element-387c2cc elementor-section-boxed elementor-section-height-default elementor-section-height-default\" data-id=\"387c2cc\" data-element_type=\"section\">\n\t\t\t\t\t\t<div class=\"elementor-container elementor-column-gap-default\">\n\t\t\t\t\t<div class=\"elementor-column elementor-col-100 elementor-top-column elementor-element elementor-element-21e280c\" data-id=\"21e280c\" data-element_type=\"column\">\n\t\t\t<div class=\"elementor-widget-wrap elementor-element-populated\">\n\t\t\t\t\t\t<div class=\"elementor-element elementor-element-38217c4 elementor-widget elementor-widget-text-editor\" data-id=\"38217c4\" data-element_type=\"widget\" data-widget_type=\"text-editor.default\">\n\t\t\t\t<div class=\"elementor-widget-container\">\n\t\t\t\t\t\t\t\t\t<p>Informujemy, \u017ce w ramach dzia\u0142ania 3.4 Dotacje na kapita\u0142 obrotowy Programu Operacyjnego Inteligentny Rozw\u00f3j 2014 \u2013 2020 wsp\u00f3\u0142finansowanego ze \u015brodk\u00f3w Europejskiego Funduszu Rozwoju Regionalnego sp\u00f3\u0142ki dzia\u0142aj\u0105ce w grupie SAVI otrzyma\u0142y w 2020 roku dofinansowanie w postaci dotacji na kapita\u0142 obrotowy.<\/p><p>Warto\u015b\u0107 dofinansowania dla sp\u00f3\u0142ki Savi Sp. z o.o. wynios\u0142a 74.976,00 z\u0142.<\/p><p>Warto\u015b\u0107 dofinansowania dla sp\u00f3\u0142ki Savi Sp\u00f3\u0142ki z ograniczon\u0105 odpowiedzialno\u015bci\u0105 Sp. K. wynios\u0142a 32.465,55 z\u0142.<\/p><p>Warto\u015b\u0107 dofinansowania dla sp\u00f3\u0142ki Savi Blue Sp. z o.o. wynios\u0142a 45.054,96 z\u0142.<\/p>\t\t\t\t\t\t\t\t<\/div>\n\t\t\t\t<\/div>\n\t\t\t\t\t<\/div>\n\t\t<\/div>\n\t\t\t\t\t<\/div>\n\t\t<\/section>\n\t\t\t\t<\/div>\n\t\t","protected":false},"excerpt":{"rendered":"<p>Informujemy, \u017ce w ramach dzia\u0142ania 3.4 Dotacje na kapita\u0142 obrotowy Programu Operacyjnego Inteligentny Rozw\u00f3j 2014 \u2013 2020 wsp\u00f3\u0142finansowanego ze \u015brodk\u00f3w Europejskiego Funduszu Rozwoju Regionalnego sp\u00f3\u0142ki dzia\u0142aj\u0105ce w grupie SAVI otrzyma\u0142y w 2020 roku dofinansowanie w postaci dotacji na kapita\u0142 obrotowy. Warto\u015b\u0107 dofinansowania dla sp\u00f3\u0142ki Savi Sp. z o.o. wynios\u0142a 74.976,00 z\u0142. Warto\u015b\u0107 dofinansowania dla sp\u00f3\u0142ki [&hellip;]<\/p>\n","protected":false},"author":975900,"featured_media":0,"parent":0,"menu_order":0,"comment_status":"closed","ping_status":"closed","template":"","meta":{"footnotes":""},"class_list":["post-1599","page","type-page","status-publish","hentry"],"_links":{"self":[{"href":"https:\/\/savi.com.pl\/index.php\/wp-json\/wp\/v2\/pages\/1599","targetHints":{"allow":["GET"]}}],"collection":[{"href":"https:\/\/savi.com.pl\/index.php\/wp-json\/wp\/v2\/pages"}],"about":[{"href":"https:\/\/savi.com.pl\/index.php\/wp-json\/wp\/v2\/types\/page"}],"author":[{"embeddable":true,"href":"https:\/\/savi.com.pl\/index.php\/wp-json\/wp\/v2\/users\/975900"}],"replies":[{"embeddable":true,"href":"https:\/\/savi.com.pl\/index.php\/wp-json\/wp\/v2\/comments?post=1599"}],"version-history":[{"count":3,"href":"https:\/\/savi.com.pl\/index.php\/wp-json\/wp\/v2\/pages\/1599\/revisions"}],"predecessor-version":[{"id":2041,"href":"https:\/\/savi.com.pl\/index.php\/wp-json\/wp\/v2\/pages\/1599\/revisions\/2041"}],"wp:attachment":[{"href":"https:\/\/savi.com.pl\/index.php\/wp-json\/wp\/v2\/media?parent=1599"}],"curies":[{"name":"wp","href":"https:\/\/api.w.org\/{rel}","templated":true}]}}