{"id":1565,"date":"2021-02-28T20:18:59","date_gmt":"2021-02-28T19:18:59","guid":{"rendered":"http:\/\/savi.com.pl\/?page_id=1565"},"modified":"2023-11-07T13:42:17","modified_gmt":"2023-11-07T12:42:17","slug":"oferta-2","status":"publish","type":"page","link":"https:\/\/savi.com.pl\/index.php\/oferta-2\/","title":{"rendered":"O naszej firmie"},"content":{"rendered":"\t\t<div data-elementor-type=\"wp-post\" data-elementor-id=\"1565\" class=\"elementor elementor-1565\" data-elementor-post-type=\"page\">\n\t\t\t\t\t\t<section class=\"elementor-section elementor-top-section elementor-element elementor-element-d205d28 elementor-section-boxed elementor-section-height-default elementor-section-height-default\" data-id=\"d205d28\" data-element_type=\"section\">\n\t\t\t\t\t\t<div class=\"elementor-container elementor-column-gap-default\">\n\t\t\t\t\t<div class=\"elementor-column elementor-col-100 elementor-top-column elementor-element elementor-element-17663aa\" data-id=\"17663aa\" data-element_type=\"column\">\n\t\t\t<div class=\"elementor-widget-wrap elementor-element-populated\">\n\t\t\t\t\t\t<div class=\"elementor-element elementor-element-f244606 elementor-widget elementor-widget-image\" data-id=\"f244606\" data-element_type=\"widget\" data-widget_type=\"image.default\">\n\t\t\t\t<div class=\"elementor-widget-container\">\n\t\t\t\t\t\t\t\t\t\t\t\t\t\t\t<img decoding=\"async\" src=\"https:\/\/savi.com.pl\/wp-content\/uploads\/elementor\/thumbs\/sav-p5ffp6dv814gnpo48qpyhkfcvu9shiiez1ylx2ugh4.png\" title=\"sav\" alt=\"sav\" loading=\"lazy\" \/>\t\t\t\t\t\t\t\t\t\t\t\t\t\t\t<\/div>\n\t\t\t\t<\/div>\n\t\t\t\t<div class=\"elementor-element elementor-element-243abac elementor-widget elementor-widget-text-editor\" data-id=\"243abac\" data-element_type=\"widget\" data-widget_type=\"text-editor.default\">\n\t\t\t\t<div class=\"elementor-widget-container\">\n\t\t\t\t\t\t\t\t\t<h4>Sp\u00f3\u0142ki <b>SAVI GROUP<\/b> tworz\u0105 grup\u0119 budowlan\u0105 zajmuj\u0105c\u0105 si\u0119\u00a0<strong>generalnym wykonawstwem inwestycji kubaturowych<\/strong>.<\/h4><h6>\u00a0<\/h6>\t\t\t\t\t\t\t\t<\/div>\n\t\t\t\t<\/div>\n\t\t\t\t\t<\/div>\n\t\t<\/div>\n\t\t\t\t\t<\/div>\n\t\t<\/section>\n\t\t\t\t<section class=\"elementor-section elementor-top-section elementor-element elementor-element-58e2e27 elementor-section-boxed elementor-section-height-default elementor-section-height-default\" data-id=\"58e2e27\" data-element_type=\"section\" data-settings=\"{&quot;background_background&quot;:&quot;classic&quot;,&quot;shape_divider_top&quot;:&quot;pyramids&quot;,&quot;shape_divider_bottom&quot;:&quot;pyramids&quot;,&quot;background_motion_fx_motion_fx_scrolling&quot;:&quot;yes&quot;,&quot;background_motion_fx_translateY_effect&quot;:&quot;yes&quot;,&quot;background_motion_fx_translateY_speed&quot;:{&quot;unit&quot;:&quot;px&quot;,&quot;size&quot;:4,&quot;sizes&quot;:[]},&quot;background_motion_fx_translateY_affectedRange&quot;:{&quot;unit&quot;:&quot;%&quot;,&quot;size&quot;:&quot;&quot;,&quot;sizes&quot;:{&quot;start&quot;:0,&quot;end&quot;:100}},&quot;background_motion_fx_devices&quot;:[&quot;desktop&quot;,&quot;tablet&quot;,&quot;mobile&quot;]}\">\n\t\t\t\t\t\t\t<div class=\"elementor-background-overlay\"><\/div>\n\t\t\t\t\t\t<div class=\"elementor-shape elementor-shape-top\" aria-hidden=\"true\" data-negative=\"false\">\n\t\t\t<svg xmlns=\"http:\/\/www.w3.org\/2000\/svg\" viewBox=\"0 0 1000 100\" preserveAspectRatio=\"none\">\n\t<path class=\"elementor-shape-fill\" d=\"M761.9,44.1L643.1,27.2L333.8,98L0,3.8V0l1000,0v3.9\"\/>\n<\/svg>\t\t<\/div>\n\t\t\t\t<div class=\"elementor-shape elementor-shape-bottom\" aria-hidden=\"true\" data-negative=\"false\">\n\t\t\t<svg xmlns=\"http:\/\/www.w3.org\/2000\/svg\" viewBox=\"0 0 1000 100\" preserveAspectRatio=\"none\">\n\t<path class=\"elementor-shape-fill\" d=\"M761.9,44.1L643.1,27.2L333.8,98L0,3.8V0l1000,0v3.9\"\/>\n<\/svg>\t\t<\/div>\n\t\t\t\t\t<div class=\"elementor-container elementor-column-gap-default\">\n\t\t\t\t\t<div class=\"elementor-column elementor-col-50 elementor-top-column elementor-element elementor-element-3f464af\" data-id=\"3f464af\" data-element_type=\"column\">\n\t\t\t<div class=\"elementor-widget-wrap elementor-element-populated\">\n\t\t\t\t\t\t<div class=\"elementor-element elementor-element-0d1ff5b elementor-widget elementor-widget-spacer\" data-id=\"0d1ff5b\" data-element_type=\"widget\" data-widget_type=\"spacer.default\">\n\t\t\t\t<div class=\"elementor-widget-container\">\n\t\t\t\t\t\t\t<div class=\"elementor-spacer\">\n\t\t\t<div class=\"elementor-spacer-inner\"><\/div>\n\t\t<\/div>\n\t\t\t\t\t\t<\/div>\n\t\t\t\t<\/div>\n\t\t\t\t<div class=\"elementor-element elementor-element-8f09e90 elementor-widget elementor-widget-text-editor\" data-id=\"8f09e90\" data-element_type=\"widget\" data-widget_type=\"text-editor.default\">\n\t\t\t\t<div class=\"elementor-widget-container\">\n\t\t\t\t\t\t\t\t\t<p>Sp\u00f3\u0142ki <b>SAVI GROUP<\/b> tworz\u0105 grup\u0119 budowlan\u0105 zajmuj\u0105c\u0105 si\u0119 <strong>generalnym wykonawstwem inwestycji kubaturowych<\/strong>. Naszym klientom zapewniamy kompleksow\u0105 obs\u0142ug\u0119 na ka\u017cdym etapie procesu inwestycyjnego: od projektowania inwestycji, poprzez wykonanie stanu surowego, po ca\u0142kowite wyko\u0144czenie obiekt\u00f3w \u201epod klucz\u201d oraz odbiory ko\u0144cowe.<\/p><p>Od 20 lat rozwijamy nasz potencja\u0142 wykonawczy, w efekcie czego naszym klientom mo\u017cemy oferowa\u0107 wyspecjalizowane, kompleksowe us\u0142ugi w obszarze <strong>prac og\u00f3lnobudowlanych, instalacyjnych i projektowych dla wszystkich bran\u017c<\/strong>.<\/p><p>\u00a0<\/p><p>W szczeg\u00f3lno\u015bci prowadzimy dzia\u0142alno\u015b\u0107 w zakresie:<\/p><ul><li>budowy obiekt\u00f3w <strong>komercyjnych, us\u0142ugowych <\/strong><strong>i przemys\u0142owych<\/strong> (galerie handlowe, markety, restauracje, powierzchnie biurowe, salony sklepowe, banki, hale produkcyjne),<\/li><li>remont\u00f3w, przebudowy, rozbudowy budynk\u00f3w <strong>handlowo-us\u0142ugowych i przemys\u0142owych <\/strong>(galerie handlowe, sklepy, kamienice, hale),<\/li><li>adaptacji powierzchni (fit-out) w istniej\u0105cych obiektach, szczeg\u00f3lnie w biurowcach i galeriach handlowych,<\/li><li>budowy obiekt\u00f3w handlowych i przemys\u0142owych w systemie \u201e<b>zaprojektuj i wybuduj<\/b>\u201d.<\/li><\/ul>\t\t\t\t\t\t\t\t<\/div>\n\t\t\t\t<\/div>\n\t\t\t\t<div class=\"elementor-element elementor-element-ffafa40 elementor-widget elementor-widget-image\" data-id=\"ffafa40\" data-element_type=\"widget\" data-widget_type=\"image.default\">\n\t\t\t\t<div class=\"elementor-widget-container\">\n\t\t\t\t\t\t\t\t\t\t\t\t\t\t\t<img fetchpriority=\"high\" decoding=\"async\" width=\"800\" height=\"534\" src=\"https:\/\/savi.com.pl\/wp-content\/uploads\/dolacz-do-zespolu-820x0-1.jpg\" class=\"attachment-large size-large wp-image-1485\" alt=\"\" srcset=\"https:\/\/savi.com.pl\/wp-content\/uploads\/dolacz-do-zespolu-820x0-1.jpg 800w, https:\/\/savi.com.pl\/wp-content\/uploads\/dolacz-do-zespolu-820x0-1-600x401.jpg 600w, https:\/\/savi.com.pl\/wp-content\/uploads\/dolacz-do-zespolu-820x0-1-500x334.jpg 500w, https:\/\/savi.com.pl\/wp-content\/uploads\/dolacz-do-zespolu-820x0-1-768x513.jpg 768w\" sizes=\"(max-width: 800px) 100vw, 800px\" \/>\t\t\t\t\t\t\t\t\t\t\t\t\t\t\t<\/div>\n\t\t\t\t<\/div>\n\t\t\t\t\t<\/div>\n\t\t<\/div>\n\t\t\t\t<div class=\"elementor-column elementor-col-50 elementor-top-column elementor-element elementor-element-5fb0727\" data-id=\"5fb0727\" data-element_type=\"column\">\n\t\t\t<div class=\"elementor-widget-wrap elementor-element-populated\">\n\t\t\t\t\t\t<div class=\"elementor-element elementor-element-76a78ad elementor-widget elementor-widget-spacer\" data-id=\"76a78ad\" data-element_type=\"widget\" data-widget_type=\"spacer.default\">\n\t\t\t\t<div class=\"elementor-widget-container\">\n\t\t\t\t\t\t\t<div class=\"elementor-spacer\">\n\t\t\t<div class=\"elementor-spacer-inner\"><\/div>\n\t\t<\/div>\n\t\t\t\t\t\t<\/div>\n\t\t\t\t<\/div>\n\t\t\t\t<div class=\"elementor-element elementor-element-abd537e elementor-widget elementor-widget-text-editor\" data-id=\"abd537e\" data-element_type=\"widget\" data-widget_type=\"text-editor.default\">\n\t\t\t\t<div class=\"elementor-widget-container\">\n\t\t\t\t\t\t\t\t\t<p>Dysponujemy <b>do\u015bwiadczonym i zgranym zespo\u0142em pracownik\u00f3w<\/b>, dzi\u0119ki kt\u00f3rym tworzymy \u015brodowisko przyjazne stabilnemu i ci\u0105g\u0142emu rozwojowi. Dbamy o wysoki poziom wiedzy naszej kadry i wsp\u00f3\u0142pracownik\u00f3w, o w\u0142a\u015bciwy przep\u0142yw informacji i kultur\u0119 organizacji. Wprowadzamy <b>procesy optymalizacji<\/b>, kt\u00f3rych celem jest usprawnienie naszej struktury organizacyjnej, jako\u015bci us\u0142ug oraz rozwi\u0105za\u0144 technicznych i finansowych proponowanych naszym klientom.<\/p><p>\u00a0<\/p><p>Wspieramy <b>atmosfer\u0119 kreatywnej i produktywnej pracy<\/b>, rzetelnie i uczciwie traktujemy naszych pracownik\u00f3w, klient\u00f3w, podwykonawc\u00f3w i dostawc\u00f3w, okazuj\u0105c im zaufanie i szacunek. Wiemy, \u017ce tylko dzi\u0119ki starannej wsp\u00f3\u0142pracy wszystkich zaanga\u017cowanych stron mo\u017cemy osi\u0105gn\u0105\u0107 wsp\u00f3lny cel: \u00a0z<b>realizowa\u0107 projekt w ustalonym terminie, zgodnie ze sztuk\u0105 budowlan\u0105 oraz za\u0142o\u017con\u0105 prognoz\u0105 finansow\u0105.<\/b><\/p><p>\u00a0<\/p><p>Obecnie firma zatrudnia<b> kadr\u0119 in\u017cynier\u00f3w, kosztorysant\u00f3w oraz specjalist\u00f3w z zakresu administracji, ksi\u0119gowo\u015bci i prawa<\/b>. \u00a0Sp\u00f3\u0142ki <b>SAVI GROUP<\/b> oferuj\u0105 tak\u017ce mo\u017cliwo\u015b\u0107 zdobycia wymaganego do\u015bwiadczenia niezb\u0119dnego do uzyskania <b>uprawnie\u0144 budowlanych<\/b>.<\/p><p><b>\u00a0<\/b><\/p><p><b>\u00a0<\/b><\/p><p>\u00a0<\/p><p><b style=\"font-size: 1rem;\">Potrzeby klient\u00f3w s\u0105 dla nas priorytetem, razem z nimi poszukujemy<\/b> <b style=\"font-size: 1rem;\">niestandardowych rozwi\u0105za\u0144, reagujemy niezw\u0142ocznie na feedback klient\u00f3w, pomagaj\u0105c im odnie\u015b\u0107 sukces w przedsi\u0119wzi\u0119ciach biznesowych.<\/b><\/p>\t\t\t\t\t\t\t\t<\/div>\n\t\t\t\t<\/div>\n\t\t\t\t\t<\/div>\n\t\t<\/div>\n\t\t\t\t\t<\/div>\n\t\t<\/section>\n\t\t\t\t<section class=\"elementor-section elementor-top-section elementor-element elementor-element-298b87a elementor-section-boxed elementor-section-height-default elementor-section-height-default\" data-id=\"298b87a\" data-element_type=\"section\">\n\t\t\t\t\t\t<div class=\"elementor-container elementor-column-gap-default\">\n\t\t\t\t\t<div class=\"elementor-column elementor-col-100 elementor-top-column elementor-element elementor-element-378b836\" data-id=\"378b836\" data-element_type=\"column\">\n\t\t\t<div class=\"elementor-widget-wrap elementor-element-populated\">\n\t\t\t\t\t\t<div class=\"elementor-element elementor-element-6b3020e elementor-widget elementor-widget-text-editor\" data-id=\"6b3020e\" data-element_type=\"widget\" data-widget_type=\"text-editor.default\">\n\t\t\t\t<div class=\"elementor-widget-container\">\n\t\t\t\t\t\t\t\t\t<p><span style=\"font-size: 1rem;\">Ponad 15-letnia dzia\u0142alno\u015b\u0107 Sp\u00f3\u0142ek SAVI GROUP w bran\u017cy techniczno-budowlanej to okres ci\u0105g\u0142ej dywersyfikacji portfolio klient\u00f3w oraz rozwoju i wzbogacania oferty wykonywanych us\u0142ug.<\/span><\/p><p>W 2005 roku powsta\u0142a Sp\u00f3\u0142ka SAVI Inwestycje Sp. z o.o., kt\u00f3ra jako <b>Generalny Wykonawca<\/b> w bardzo szybkim tempie wykona\u0142a kilkaset obiekt\u00f3w oddzia\u0142\u00f3w bank\u00f3w w zakresie prac budowlanych, sanitarnych i elektrycznych.<\/p><p>W 2009 roku powstaje Sp\u00f3\u0142ka SAVI Sp. z o.o., a w roku 2016 SAVI Sp. z o.o. Sp.K.<\/p><p>Od tego czasu wykonujemy kompleksowe obiekty budowlane w systemie <b>generalnego wykonawstwa<\/b>.<\/p><p>Wielko\u015b\u0107 zrealizowanych obiekt\u00f3w obejmuje inwestycje r\u00f3\u017cnej skali (od ok. 0,5 do \u015brednio 30 mln z\u0142otych) dla klient\u00f3w sieciowych oraz indywidualnych sektora prywatnego.<\/p><p>W\u015br\u00f3d klient\u00f3w SAVI GROUP znajduj\u0105 si\u0119 przede wszystkim inwestorzy bran\u017cy komercyjnej, biurowej, finansowej i restauracyjnej, dla kt\u00f3rych realizowane s\u0105 obiekty kubaturowe, gdzie SAVI GROUP sprawuje funkcje <b>Generalnego Wykonawcy<\/b>. We wszystkich przypadkach SAVI GROUP d\u0105\u017cy do tworzenia wieloletnich wi\u0119z\u00f3w wsp\u00f3\u0142pracy zapewniaj\u0105c swoim klientom wysok\u0105 jako\u015b\u0107 wykonywanych prac, terminowo\u015b\u0107 oraz zachowanie standard\u00f3w inwestorskich.<\/p><p><b>Inwestorzy mog\u0105 si\u0119 z nami skontaktowa\u0107 mailowo lub telefonicznie, natomiast zapytania ofertowe i zaproszenia na przetarg wraz z poszczeg\u00f3ln\u0105 dokumentacj\u0105 inwestycji nale\u017cy wys\u0142a\u0107 na adres e-mail <a href=\"mailto:savi@savi.com.pl\">savi@savi.com.pl<\/a>.<\/b><\/p><p>W zwi\u0105zku z prowadzeniem wi\u0119kszo\u015bci inwestycji dla klient\u00f3w sieciowych, nasze budowy s\u0105 zlokalizowane w ca\u0142ej Polsce. Opr\u00f3cz podwykonawc\u00f3w, z kt\u00f3rymi nawi\u0105zujemy d\u0142ugoletni\u0105 wsp\u00f3\u0142prac\u0119, stale poszukujemy lokalnych firm budowlanych i instalacyjnych, kt\u00f3re swoj\u0105 dzia\u0142alno\u015b\u0107 budowlan\u0105 prowadz\u0105 blisko lokalizacji realizowanych projekt\u00f3w.<\/p><p><b>Firmy zainteresowane wsp\u00f3\u0142prac\u0105 zapraszamy do kontaktu e-mailowego lub telefonicznego.<\/b><\/p>\t\t\t\t\t\t\t\t<\/div>\n\t\t\t\t<\/div>\n\t\t\t\t\t<\/div>\n\t\t<\/div>\n\t\t\t\t\t<\/div>\n\t\t<\/section>\n\t\t\t\t<section class=\"elementor-section elementor-top-section elementor-element elementor-element-15275274 elementor-section-stretched elementor-section-full_width elementor-section-height-default elementor-section-height-default\" data-id=\"15275274\" data-element_type=\"section\" data-settings=\"{&quot;stretch_section&quot;:&quot;section-stretched&quot;,&quot;background_background&quot;:&quot;classic&quot;}\">\n\t\t\t\t\t\t<div class=\"elementor-container elementor-column-gap-default\">\n\t\t\t\t\t<div class=\"elementor-column elementor-col-100 elementor-top-column elementor-element elementor-element-33fd6bc0\" data-id=\"33fd6bc0\" data-element_type=\"column\">\n\t\t\t<div class=\"elementor-widget-wrap elementor-element-populated\">\n\t\t\t\t\t\t<div class=\"elementor-element elementor-element-7a9ee44e elementor-widget elementor-widget-text-editor\" data-id=\"7a9ee44e\" data-element_type=\"widget\" data-widget_type=\"text-editor.default\">\n\t\t\t\t<div class=\"elementor-widget-container\">\n\t\t\t\t\t\t\t\t\t<p>SAVI GROUP. Wszystkie prawa do tre\u015bci, obraz\u00f3w zastrze\u017cone 2020r.<\/p>\t\t\t\t\t\t\t\t<\/div>\n\t\t\t\t<\/div>\n\t\t\t\t\t<\/div>\n\t\t<\/div>\n\t\t\t\t\t<\/div>\n\t\t<\/section>\n\t\t\t\t<\/div>\n\t\t","protected":false},"excerpt":{"rendered":"<p>Sp\u00f3\u0142ki SAVI GROUP tworz\u0105 grup\u0119 budowlan\u0105 zajmuj\u0105c\u0105 si\u0119\u00a0generalnym wykonawstwem inwestycji kubaturowych. \u00a0 Sp\u00f3\u0142ki SAVI GROUP tworz\u0105 grup\u0119 budowlan\u0105 zajmuj\u0105c\u0105 si\u0119 generalnym wykonawstwem inwestycji kubaturowych. Naszym klientom zapewniamy kompleksow\u0105 obs\u0142ug\u0119 na ka\u017cdym etapie procesu inwestycyjnego: od projektowania inwestycji, poprzez wykonanie stanu surowego, po ca\u0142kowite wyko\u0144czenie obiekt\u00f3w \u201epod klucz\u201d oraz odbiory ko\u0144cowe. Od 20 lat rozwijamy nasz [&hellip;]<\/p>\n","protected":false},"author":975900,"featured_media":0,"parent":0,"menu_order":2,"comment_status":"closed","ping_status":"closed","template":"","meta":{"footnotes":""},"class_list":["post-1565","page","type-page","status-publish","hentry"],"_links":{"self":[{"href":"https:\/\/savi.com.pl\/index.php\/wp-json\/wp\/v2\/pages\/1565","targetHints":{"allow":["GET"]}}],"collection":[{"href":"https:\/\/savi.com.pl\/index.php\/wp-json\/wp\/v2\/pages"}],"about":[{"href":"https:\/\/savi.com.pl\/index.php\/wp-json\/wp\/v2\/types\/page"}],"author":[{"embeddable":true,"href":"https:\/\/savi.com.pl\/index.php\/wp-json\/wp\/v2\/users\/975900"}],"replies":[{"embeddable":true,"href":"https:\/\/savi.com.pl\/index.php\/wp-json\/wp\/v2\/comments?post=1565"}],"version-history":[{"count":30,"href":"https:\/\/savi.com.pl\/index.php\/wp-json\/wp\/v2\/pages\/1565\/revisions"}],"predecessor-version":[{"id":2866,"href":"https:\/\/savi.com.pl\/index.php\/wp-json\/wp\/v2\/pages\/1565\/revisions\/2866"}],"wp:attachment":[{"href":"https:\/\/savi.com.pl\/index.php\/wp-json\/wp\/v2\/media?parent=1565"}],"curies":[{"name":"wp","href":"https:\/\/api.w.org\/{rel}","templated":true}]}}